{"id":16559,"date":"2015-12-15T07:37:48","date_gmt":"2015-12-15T07:37:48","guid":{"rendered":"https:\/\/tmgconsultancy.md\/contact-us\/"},"modified":"2023-02-25T19:48:40","modified_gmt":"2023-02-25T19:48:40","slug":"contactati-ne","status":"publish","type":"page","link":"https:\/\/tmgconsultancy.md\/ro\/contactati-ne\/","title":{"rendered":"Contacta\u0163i-ne"},"content":{"rendered":"\t\t<div data-elementor-type=\"wp-page\" data-elementor-id=\"16559\" class=\"elementor elementor-16559 elementor-7472\" data-elementor-post-type=\"page\">\n\t\t\t\t\t\t<section class=\"elementor-section elementor-top-section elementor-element elementor-element-ce4a7f7 elementor-section-boxed elementor-section-height-default elementor-section-height-default\" data-id=\"ce4a7f7\" data-element_type=\"section\" data-e-type=\"section\" data-settings=\"{&quot;background_background&quot;:&quot;classic&quot;}\">\n\t\t\t\t\t\t<div class=\"elementor-container elementor-column-gap-default\">\n\t\t\t\t\t<div class=\"elementor-column elementor-col-100 elementor-top-column elementor-element elementor-element-ce4b0fe\" data-id=\"ce4b0fe\" data-element_type=\"column\" data-e-type=\"column\">\n\t\t\t<div class=\"elementor-widget-wrap elementor-element-populated\">\n\t\t\t\t\t\t<section class=\"elementor-section elementor-top-section elementor-element elementor-element-ce4e402 elementor-section-boxed elementor-section-height-default elementor-section-height-default\" data-id=\"ce4e402\" data-element_type=\"section\" data-e-type=\"section\" data-settings=\"{&quot;background_background&quot;:&quot;classic&quot;}\">\n\t\t\t\t\t\t<div class=\"elementor-container elementor-column-gap-default\">\n\t\t\t\t\t<div class=\"elementor-column elementor-col-50 elementor-top-column elementor-element elementor-element-ce509ff\" data-id=\"ce509ff\" data-element_type=\"column\" data-e-type=\"column\">\n\t\t\t<div class=\"elementor-widget-wrap elementor-element-populated\">\n\t\t\t\t\t\t<div class=\"elementor-element elementor-element-ce510df elementor-widget elementor-widget-google_maps\" data-id=\"ce510df\" data-element_type=\"widget\" data-e-type=\"widget\" data-widget_type=\"google_maps.default\">\n\t\t\t\t<div class=\"elementor-widget-container\">\n\t\t\t\t\t\t\t<div class=\"elementor-custom-embed\">\n\t\t\t<iframe loading=\"lazy\"\n\t\t\t\t\tsrc=\"https:\/\/www.google.com\/maps\/embed\/v1\/place?key=AIzaSyBRYT7j3xhLKpiIcQMkJN0UhyYi02XagRs&#038;q=of.%2017%2C%2075.%20Mitropolit%20Varlaam%20Chi%C8%99in%C4%83u%2C%20MD-2012%2C%20Republic%20of%20Moldova&#038;zoom=11\"\n\t\t\t\t\ttitle=\"of. 17, 75. Mitropolit Varlaam Chi\u0219in\u0103u, MD-2012, Republic of Moldova\"\n\t\t\t\t\taria-label=\"of. 17, 75. Mitropolit Varlaam Chi\u0219in\u0103u, MD-2012, Republic of Moldova\"\n\t\t\t><\/iframe>\n\t\t<\/div>\n\t\t\t\t\t\t<\/div>\n\t\t\t\t<\/div>\n\t\t\t\t\t<\/div>\n\t\t<\/div>\n\t\t\t\t<div class=\"elementor-column elementor-col-50 elementor-top-column elementor-element elementor-element-ce517b3\" data-id=\"ce517b3\" data-element_type=\"column\" data-e-type=\"column\" data-settings=\"{&quot;background_background&quot;:&quot;classic&quot;}\">\n\t\t\t<div class=\"elementor-widget-wrap elementor-element-populated\">\n\t\t\t\t\t\t<div class=\"elementor-element elementor-element-ce51e43 overlay_3 elementor-widget elementor-widget-stm_contacts_widget\" data-id=\"ce51e43\" data-element_type=\"widget\" data-e-type=\"widget\" data-widget_type=\"stm_contacts_widget.default\">\n\t\t\t\t<div class=\"elementor-widget-container\">\n\t\t\t\t\t\n<div class=\"stm_contacts_widget consulting_elementor_contacts_widget style_1 \">\n    \n            <h4 class=\"no_stripe\">detalii de contact<\/h4>\n    \n    \n        <ul>\n                            <li>\n                    <div class=\"icon\"><i class=\"fa fa-map-marker\"><\/i><\/div>\n                    <div class=\"text\">of. 17, 75. Mitropolit Varlaam<br \/>Chi\u0219in\u0103u, MD-2012<br \/>Republic of Moldova<\/div>\n                <\/li>\n                                        <li>\n                    <div class=\"icon\"><i class=\"fa fa-phone\"><\/i><\/div>\n                    <div class=\"text\">\n                        +373 69 91 29 29                                            <\/div>\n                <\/li>\n                                                    <li>\n                    <div class=\"icon\"><i class=\"fa fa-envelope\"><\/i><\/div>\n                    <div class=\"text\"><a href=\"mailto:o&#102;&#102;i&#99;e&#64;&#116;mgc&#111;&#110;s&#117;l&#116;an&#99;&#121;.&#109;&#100;\">&#111;&#102;&#102;&#105;&#99;e&#64;&#116;&#109;g&#99;&#111;n&#115;ul&#116;anc&#121;.md<\/a><\/div>\n                <\/li>\n                                <\/ul>\n        \n    \n<\/div>\t\t\t\t<\/div>\n\t\t\t\t<\/div>\n\t\t\t\t\t<\/div>\n\t\t<\/div>\n\t\t\t\t\t<\/div>\n\t\t<\/section>\n\t\t\t\t<section class=\"elementor-section elementor-inner-section elementor-element elementor-element-7e80dfd elementor-section-boxed elementor-section-height-default elementor-section-height-default\" data-id=\"7e80dfd\" data-element_type=\"section\" data-e-type=\"section\">\n\t\t\t\t\t\t<div class=\"elementor-container elementor-column-gap-default\">\n\t\t\t\t\t<div class=\"elementor-column elementor-col-33 elementor-inner-column elementor-element elementor-element-ce0823d\" data-id=\"ce0823d\" data-element_type=\"column\" data-e-type=\"column\">\n\t\t\t<div class=\"elementor-widget-wrap elementor-element-populated\">\n\t\t\t\t\t\t<div class=\"elementor-element elementor-element-efd4172 overlay_3 elementor-widget elementor-widget-stm_contacts_widget\" data-id=\"efd4172\" data-element_type=\"widget\" data-e-type=\"widget\" data-widget_type=\"stm_contacts_widget.default\">\n\t\t\t\t<div class=\"elementor-widget-container\">\n\t\t\t\t\t\n<div class=\"stm_contacts_widget consulting_elementor_contacts_widget style_1 \">\n    \n            <h4 class=\"no_stripe\">Moldova \/ Chisinau<\/h4>\n    \n    \n        <ul>\n                            <li>\n                    <div class=\"icon\"><i class=\"fa fa-map-marker\"><\/i><\/div>\n                    <div class=\"text\">Al. Mateevici 54, of.2<br \/>Chi\u0219in\u0103u, MD-2012<br \/>Republic of Moldova<\/div>\n                <\/li>\n                                        <li>\n                    <div class=\"icon\"><i class=\"fa fa-phone\"><\/i><\/div>\n                    <div class=\"text\">\n                        +\u200e373 69 91 29 29                                            <\/div>\n                <\/li>\n                                                    <li>\n                    <div class=\"icon\"><i class=\"fa fa-envelope\"><\/i><\/div>\n                    <div class=\"text\"><a href=\"mailto:&#111;f&#102;&#105;&#99;e&#64;tmg&#99;o&#110;sul&#116;a&#110;&#99;&#121;.&#109;d\">&#111;&#102;f&#105;ce&#64;&#116;&#109;g&#99;&#111;&#110;su&#108;&#116;&#97;&#110;c&#121;.m&#100;<\/a><\/div>\n                <\/li>\n                                <\/ul>\n        \n    \n<\/div>\t\t\t\t<\/div>\n\t\t\t\t<\/div>\n\t\t\t\t<div class=\"elementor-element elementor-element-4374f9f elementor-widget elementor-widget-google_maps\" data-id=\"4374f9f\" data-element_type=\"widget\" data-e-type=\"widget\" data-widget_type=\"google_maps.default\">\n\t\t\t\t<div class=\"elementor-widget-container\">\n\t\t\t\t\t\t\t<div class=\"elementor-custom-embed\">\n\t\t\t<iframe loading=\"lazy\"\n\t\t\t\t\tsrc=\"https:\/\/www.google.com\/maps\/embed\/v1\/place?key=AIzaSyBRYT7j3xhLKpiIcQMkJN0UhyYi02XagRs&#038;q=Al.%20Mateevici%2054%2C%20of.2&#038;zoom=12\"\n\t\t\t\t\ttitle=\"Al. Mateevici 54, of.2\"\n\t\t\t\t\taria-label=\"Al. Mateevici 54, of.2\"\n\t\t\t><\/iframe>\n\t\t<\/div>\n\t\t\t\t\t\t<\/div>\n\t\t\t\t<\/div>\n\t\t\t\t\t<\/div>\n\t\t<\/div>\n\t\t\t\t<div class=\"elementor-column elementor-col-33 elementor-inner-column elementor-element elementor-element-321da82\" data-id=\"321da82\" data-element_type=\"column\" data-e-type=\"column\">\n\t\t\t<div class=\"elementor-widget-wrap elementor-element-populated\">\n\t\t\t\t\t\t<div class=\"elementor-element elementor-element-02b8258 overlay_3 elementor-widget elementor-widget-stm_contacts_widget\" data-id=\"02b8258\" data-element_type=\"widget\" data-e-type=\"widget\" data-widget_type=\"stm_contacts_widget.default\">\n\t\t\t\t<div class=\"elementor-widget-container\">\n\t\t\t\t\t\n<div class=\"stm_contacts_widget consulting_elementor_contacts_widget style_1 \">\n    \n            <h4 class=\"no_stripe\">\u0130stanbul \/ T\u00fcrkiye<\/h4>\n    \n    \n        <ul>\n                            <li>\n                    <div class=\"icon\"><i class=\"fa fa-map-marker\"><\/i><\/div>\n                    <div class=\"text\">Yenibosna Merkez Mah. Kavak Sk. No:17 Kat:12 Prestige 24<br \/>\u0130stanbul \/ T\u00fcrkiye<\/div>\n                <\/li>\n                                        <li>\n                    <div class=\"icon\"><i class=\"fa fa-phone\"><\/i><\/div>\n                    <div class=\"text\">\n                        +90 212 351 88 88                                            <\/div>\n                <\/li>\n                                                    <li>\n                    <div class=\"icon\"><i class=\"fa fa-envelope\"><\/i><\/div>\n                    <div class=\"text\"><a href=\"mailto:&#105;n&#102;o&#64;&#97;&#107;&#103;ol.a&#118;&#46;&#116;r\">i&#110;&#102;o&#64;&#97;k&#103;&#111;l.&#97;&#118;.tr<\/a><\/div>\n                <\/li>\n                                <\/ul>\n        \n    \n<\/div>\t\t\t\t<\/div>\n\t\t\t\t<\/div>\n\t\t\t\t<div class=\"elementor-element elementor-element-4a033d4 elementor-widget elementor-widget-google_maps\" data-id=\"4a033d4\" data-element_type=\"widget\" data-e-type=\"widget\" data-widget_type=\"google_maps.default\">\n\t\t\t\t<div class=\"elementor-widget-container\">\n\t\t\t\t\t\t\t<div class=\"elementor-custom-embed\">\n\t\t\t<iframe loading=\"lazy\"\n\t\t\t\t\tsrc=\"https:\/\/www.google.com\/maps\/embed\/v1\/place?key=AIzaSyBRYT7j3xhLKpiIcQMkJN0UhyYi02XagRs&#038;q=Yenibosna%20Merkez%20Mah.%20Kavak%20Sk.%20No%3A17%20Kat%3A12%20Prestige%2024%20%C4%B0stanbul&#038;zoom=12\"\n\t\t\t\t\ttitle=\"Yenibosna Merkez Mah. Kavak Sk. No:17 Kat:12 Prestige 24 \u0130stanbul\"\n\t\t\t\t\taria-label=\"Yenibosna Merkez Mah. Kavak Sk. No:17 Kat:12 Prestige 24 \u0130stanbul\"\n\t\t\t><\/iframe>\n\t\t<\/div>\n\t\t\t\t\t\t<\/div>\n\t\t\t\t<\/div>\n\t\t\t\t\t<\/div>\n\t\t<\/div>\n\t\t\t\t<div class=\"elementor-column elementor-col-33 elementor-inner-column elementor-element elementor-element-bbfcbac\" data-id=\"bbfcbac\" data-element_type=\"column\" data-e-type=\"column\">\n\t\t\t<div class=\"elementor-widget-wrap elementor-element-populated\">\n\t\t\t\t\t\t<div class=\"elementor-element elementor-element-e1685c0 overlay_3 elementor-widget elementor-widget-stm_contacts_widget\" data-id=\"e1685c0\" data-element_type=\"widget\" data-e-type=\"widget\" data-widget_type=\"stm_contacts_widget.default\">\n\t\t\t\t<div class=\"elementor-widget-container\">\n\t\t\t\t\t\n<div class=\"stm_contacts_widget consulting_elementor_contacts_widget style_1 \">\n    \n            <h4 class=\"no_stripe\">Antakya \/ T\u00fcrkiye<\/h4>\n    \n    \n        <ul>\n                            <li>\n                    <div class=\"icon\"><i class=\"fa fa-map-marker\"><\/i><\/div>\n                    <div class=\"text\">Cebrail, Karao\u011flano\u011flu Cad. Se\u00e7kin Apt. D:13, 31030<br \/>Antakya \/ T\u00fcrkiye<\/div>\n                <\/li>\n                                        <li>\n                    <div class=\"icon\"><i class=\"fa fa-phone\"><\/i><\/div>\n                    <div class=\"text\">\n                        +90 212 351 88 88                                            <\/div>\n                <\/li>\n                                                    <li>\n                    <div class=\"icon\"><i class=\"fa fa-envelope\"><\/i><\/div>\n                    <div class=\"text\"><a href=\"mailto:i&#110;fo&#64;&#97;kg&#111;&#108;.av.&#116;r\">&#105;nf&#111;&#64;&#97;&#107;&#103;o&#108;.&#97;v.&#116;r<\/a><\/div>\n                <\/li>\n                                <\/ul>\n        \n    \n<\/div>\t\t\t\t<\/div>\n\t\t\t\t<\/div>\n\t\t\t\t<div class=\"elementor-element elementor-element-f62ac49 elementor-widget elementor-widget-google_maps\" data-id=\"f62ac49\" data-element_type=\"widget\" data-e-type=\"widget\" data-widget_type=\"google_maps.default\">\n\t\t\t\t<div class=\"elementor-widget-container\">\n\t\t\t\t\t\t\t<div class=\"elementor-custom-embed\">\n\t\t\t<iframe loading=\"lazy\"\n\t\t\t\t\tsrc=\"https:\/\/www.google.com\/maps\/embed\/v1\/place?key=AIzaSyBRYT7j3xhLKpiIcQMkJN0UhyYi02XagRs&#038;q=Cebrail%2C%20Karao%C4%9Flano%C4%9Flu%20Cad.%20Se%C3%A7kin%20Apt.%20D%3A13%2C%2031030&#038;zoom=12\"\n\t\t\t\t\ttitle=\"Cebrail, Karao\u011flano\u011flu Cad. Se\u00e7kin Apt. D:13, 31030\"\n\t\t\t\t\taria-label=\"Cebrail, Karao\u011flano\u011flu Cad. Se\u00e7kin Apt. D:13, 31030\"\n\t\t\t><\/iframe>\n\t\t<\/div>\n\t\t\t\t\t\t<\/div>\n\t\t\t\t<\/div>\n\t\t\t\t\t<\/div>\n\t\t<\/div>\n\t\t\t\t\t<\/div>\n\t\t<\/section>\n\t\t\t\t<section class=\"elementor-section elementor-top-section elementor-element elementor-element-ce52687 elementor-section-boxed elementor-section-height-default elementor-section-height-default\" data-id=\"ce52687\" data-element_type=\"section\" data-e-type=\"section\">\n\t\t\t\t\t\t<div class=\"elementor-container elementor-column-gap-default\">\n\t\t\t\t\t<div class=\"elementor-column elementor-col-100 elementor-top-column elementor-element elementor-element-ce52e38\" data-id=\"ce52e38\" data-element_type=\"column\" data-e-type=\"column\">\n\t\t\t<div class=\"elementor-widget-wrap elementor-element-populated\">\n\t\t\t\t\t\t<div class=\"elementor-element elementor-element-ce5366d elementor-widget elementor-widget-vc_custom_heading\" data-id=\"ce5366d\" data-element_type=\"widget\" data-e-type=\"widget\" data-widget_type=\"vc_custom_heading.default\">\n\t\t\t\t<div class=\"elementor-widget-container\">\n\t\t\t\t\t<div class=\" vc_custom_heading  consulting_heading_font  text_align_left\" ><h4 style=\"text-align: left;font-weight:700\" class=\"consulting-custom-title\">Formular de contact\n<\/h4><\/div>\t\t\t\t<\/div>\n\t\t\t\t<\/div>\n\t\t\t\t<div class=\"elementor-element elementor-element-ce53a9a elementor-widget elementor-widget-stm_contact_form_7\" data-id=\"ce53a9a\" data-element_type=\"widget\" data-e-type=\"widget\" data-widget_type=\"stm_contact_form_7.default\">\n\t\t\t\t<div class=\"elementor-widget-container\">\n\t\t\t\t\t\n<div class=\"wpcf7 no-js\" id=\"wpcf7-f508-o1\" lang=\"en-US\" dir=\"ltr\" data-wpcf7-id=\"508\">\n<div class=\"screen-reader-response\"><p role=\"status\" aria-live=\"polite\" aria-atomic=\"true\"><\/p> <ul><\/ul><\/div>\n<form action=\"\/ro\/wp-json\/wp\/v2\/pages\/16559#wpcf7-f508-o1\" method=\"post\" class=\"wpcf7-form init\" aria-label=\"Contact form\" novalidate=\"novalidate\" data-status=\"init\">\n<fieldset class=\"hidden-fields-container\"><input type=\"hidden\" name=\"_wpcf7\" value=\"508\" \/><input type=\"hidden\" name=\"_wpcf7_version\" value=\"6.1.5\" \/><input type=\"hidden\" name=\"_wpcf7_locale\" value=\"en_US\" \/><input type=\"hidden\" name=\"_wpcf7_unit_tag\" value=\"wpcf7-f508-o1\" \/><input type=\"hidden\" name=\"_wpcf7_container_post\" value=\"0\" \/><input type=\"hidden\" name=\"_wpcf7_posted_data_hash\" value=\"\" \/>\n<\/fieldset>\n<div class=\"request_callback\">\n    <div class=\"row\">\n        <div class=\"col-lg-6 col-md-6 col-sm-6 col-xs-12\">\n            <div class=\"input-group\">\n                <span class=\"wpcf7-form-control-wrap\" data-name=\"text-name\"><input size=\"40\" maxlength=\"400\" class=\"wpcf7-form-control wpcf7-text wpcf7-validates-as-required\" aria-required=\"true\" aria-invalid=\"false\" placeholder=\"First name *\" value=\"\" type=\"text\" name=\"text-name\" \/><\/span>\n            <\/div>\n            <div class=\"input-group\">\n                <span class=\"wpcf7-form-control-wrap\" data-name=\"email\"><input size=\"40\" maxlength=\"400\" class=\"wpcf7-form-control wpcf7-email wpcf7-validates-as-required wpcf7-text wpcf7-validates-as-email\" aria-required=\"true\" aria-invalid=\"false\" placeholder=\"E-mail *\" value=\"\" type=\"email\" name=\"email\" \/><\/span>\n            <\/div>\n            <div class=\"input-group\">\n                <span class=\"wpcf7-form-control-wrap\" data-name=\"phone\"><input size=\"40\" maxlength=\"400\" class=\"wpcf7-form-control wpcf7-tel wpcf7-validates-as-required wpcf7-text wpcf7-validates-as-tel\" aria-required=\"true\" aria-invalid=\"false\" placeholder=\"Phone *\" value=\"\" type=\"tel\" name=\"phone\" \/><\/span>\n            <\/div>\n        <\/div>\n        <div class=\"col-lg-6 col-md-6 col-sm-6 col-xs-12\">\n            <div class=\"input-group\">\n                <span class=\"wpcf7-form-control-wrap\" data-name=\"message\"><textarea cols=\"40\" rows=\"10\" maxlength=\"2000\" class=\"wpcf7-form-control wpcf7-textarea wpcf7-validates-as-required\" aria-required=\"true\" aria-invalid=\"false\" placeholder=\"Your Message *\" name=\"message\"><\/textarea><\/span>\n            <\/div>\n            <div class=\"input-group\">\n                <button type=\"submit\" class=\"button size-md\">Get in touch<\/button>\n            <\/div>\n        <\/div>\n    <\/div>\n<\/div><div class=\"wpcf7-response-output\" aria-hidden=\"true\"><\/div>\n<\/form>\n<\/div>\n\t\t\t\t\t\t<\/div>\n\t\t\t\t<\/div>\n\t\t\t\t\t<\/div>\n\t\t<\/div>\n\t\t\t\t\t<\/div>\n\t\t<\/section>\n\t\t\t\t\t<\/div>\n\t\t<\/div>\n\t\t\t\t\t<\/div>\n\t\t<\/section>\n\t\t\t\t<\/div>\n\t\t","protected":false},"excerpt":{"rendered":"<p>detalii de contact of. 17, 75. Mitropolit Varlaam Chi\u0219in\u0103u, MD-2012 Republic of Moldova +373 69 91 29 29 office@tmgconsultancy.md Moldova \/ Chisinau Al. Mateevici 54, of.2 Chi\u0219in\u0103u, MD-2012 Republic of Moldova +\u200e373 69 91 29 29 office@tmgconsultancy.md \u0130stanbul \/ T\u00fcrkiye Yenibosna Merkez Mah. Kavak Sk. No:17 Kat:12 Prestige 24 \u0130stanbul \/ T\u00fcrkiye +90 212 351<\/p>\n","protected":false},"author":1,"featured_media":0,"parent":0,"menu_order":0,"comment_status":"closed","ping_status":"closed","template":"","meta":{"inline_featured_image":false,"footnotes":""},"class_list":["post-16559","page","type-page","status-publish","hentry"],"_links":{"self":[{"href":"https:\/\/tmgconsultancy.md\/ro\/wp-json\/wp\/v2\/pages\/16559","targetHints":{"allow":["GET"]}}],"collection":[{"href":"https:\/\/tmgconsultancy.md\/ro\/wp-json\/wp\/v2\/pages"}],"about":[{"href":"https:\/\/tmgconsultancy.md\/ro\/wp-json\/wp\/v2\/types\/page"}],"author":[{"embeddable":true,"href":"https:\/\/tmgconsultancy.md\/ro\/wp-json\/wp\/v2\/users\/1"}],"replies":[{"embeddable":true,"href":"https:\/\/tmgconsultancy.md\/ro\/wp-json\/wp\/v2\/comments?post=16559"}],"version-history":[{"count":0,"href":"https:\/\/tmgconsultancy.md\/ro\/wp-json\/wp\/v2\/pages\/16559\/revisions"}],"wp:attachment":[{"href":"https:\/\/tmgconsultancy.md\/ro\/wp-json\/wp\/v2\/media?parent=16559"}],"curies":[{"name":"wp","href":"https:\/\/api.w.org\/{rel}","templated":true}]}}