{"id":16877,"date":"2016-01-08T11:28:46","date_gmt":"2016-01-08T11:28:46","guid":{"rendered":"https:\/\/tmgconsultancy.md\/our-team\/"},"modified":"2023-06-22T20:11:27","modified_gmt":"2023-06-22T20:11:27","slug":"echipa-noastra","status":"publish","type":"page","link":"https:\/\/tmgconsultancy.md\/ro\/cine-suntem-noi\/echipa-noastra\/","title":{"rendered":"Echipa noastr\u0103"},"content":{"rendered":"\t\t<div data-elementor-type=\"wp-page\" data-elementor-id=\"16877\" class=\"elementor elementor-16877 elementor-462\" data-elementor-post-type=\"page\">\n\t\t\t\t\t\t<section class=\"elementor-section elementor-top-section elementor-element elementor-element-89c0816 elementor-section-boxed elementor-section-height-default elementor-section-height-default\" data-id=\"89c0816\" data-element_type=\"section\" data-e-type=\"section\" data-settings=\"{&quot;background_background&quot;:&quot;classic&quot;}\">\n\t\t\t\t\t\t<div class=\"elementor-container elementor-column-gap-default\">\n\t\t\t\t\t<div class=\"elementor-column elementor-col-100 elementor-top-column elementor-element elementor-element-89c1059\" data-id=\"89c1059\" data-element_type=\"column\" data-e-type=\"column\">\n\t\t\t<div class=\"elementor-widget-wrap elementor-element-populated\">\n\t\t\t\t\t\t<div class=\"elementor-element elementor-element-89c1b99 elementor-widget elementor-widget-stm_staff_list\" data-id=\"89c1b99\" data-element_type=\"widget\" data-e-type=\"widget\" data-widget_type=\"stm_staff_list.default\">\n\t\t\t\t<div class=\"elementor-widget-container\">\n\t\t\t\t\t\n\t<div class=\"staff_list consulting_elementor_staff_list  grid cols_3 \">\n\t\t<ul>\n\t\t\t\t\t\t\t<li>\n\t\t\t\t\t\t\t\t\t\t\t\t\t\t\t\t\t\t\t\t\t\t\t<div class=\"staff_image\">\n\t\t\t\t\t\t\t\t<a href=\"https:\/\/tmgconsultancy.md\/ro\/team\/andrei-russu\/\">\n\t\t\t\t\t\t\t\t\t<img fetchpriority=\"high\" decoding=\"async\" width=\"266\" height=\"300\" src=\"https:\/\/tmgconsultancy.md\/wp-content\/uploads\/2023\/03\/Russu-Andrei-00-266x300.jpg\" class=\"attachment-medium size-medium wp-post-image\" alt=\"\" srcset=\"https:\/\/tmgconsultancy.md\/wp-content\/uploads\/2023\/03\/Russu-Andrei-00-266x300.jpg 266w, https:\/\/tmgconsultancy.md\/wp-content\/uploads\/2023\/03\/Russu-Andrei-00.jpg 486w\" sizes=\"(max-width: 266px) 100vw, 266px\" \/>\t\t\t\t\t\t\t\t<\/a>\n\t\t\t\t\t\t\t<\/div>\n\t\t\t\t\t\t\t\t\t\t\t\t<div class=\"staff_info\">\n\t\t\t\t\t\t\t<h4 class=\"no_stripe\">\n\t\t\t\t\t\t\t\t<a href=\"https:\/\/tmgconsultancy.md\/ro\/team\/andrei-russu\/\" class=\"secondary_font_color_hv text_decoration_none\">Andrei Russu<\/a>\n\t\t\t\t\t\t\t<\/h4>\n\t\t\t\t\t\t\t\t\t\t\t\t\t\t\t\t\t\t\t\t\t\t<div class=\"staff_department\">\n\t\t\t\t\t\t\t\t\tJurist, Cofondator\t\t\t\t\t\t\t\t<\/div>\n\t\t\t\t\t\t\t\t\t\t\t\t\t\t\t\t\t\t\t\t\t\t\t\t\t\t\t\t\t<p>Am absolvit Universitatea de Stat a Moldovei, facultate de Drept, apoi am absolvit masterul la Academia...<\/p>\n\t\t\t\t\t\t\t\t\t\t\t\t\t\t<a class=\"read_more\" href=\"https:\/\/tmgconsultancy.md\/ro\/team\/andrei-russu\/\">\n\t\t\t\t\t\t\t\t<span>Vezi profil<\/span>\n\t\t\t\t\t\t\t\t<i class=\" fa fa-chevron-right stm_icon\"><\/i>\n\t\t\t\t\t\t\t<\/a>\n\t\t\t\t\t\t<\/div>\n\t\t\t\t\t\t\t\t\t<\/li>\n\t\t\t\t\t\t\t\t<li>\n\t\t\t\t\t\t\t\t\t\t\t\t\t\t\t\t\t\t\t\t\t\t\t<div class=\"staff_image\">\n\t\t\t\t\t\t\t\t<a href=\"https:\/\/tmgconsultancy.md\/ro\/team\/sinan-adnan-akgol\/\">\n\t\t\t\t\t\t\t\t\t<img decoding=\"async\" width=\"266\" height=\"300\" src=\"https:\/\/tmgconsultancy.md\/wp-content\/uploads\/2023\/03\/Sinan-Adnan-Akgol-00-266x300.jpg\" class=\"attachment-medium size-medium wp-post-image\" alt=\"\" srcset=\"https:\/\/tmgconsultancy.md\/wp-content\/uploads\/2023\/03\/Sinan-Adnan-Akgol-00-266x300.jpg 266w, https:\/\/tmgconsultancy.md\/wp-content\/uploads\/2023\/03\/Sinan-Adnan-Akgol-00.jpg 486w\" sizes=\"(max-width: 266px) 100vw, 266px\" \/>\t\t\t\t\t\t\t\t<\/a>\n\t\t\t\t\t\t\t<\/div>\n\t\t\t\t\t\t\t\t\t\t\t\t<div class=\"staff_info\">\n\t\t\t\t\t\t\t<h4 class=\"no_stripe\">\n\t\t\t\t\t\t\t\t<a href=\"https:\/\/tmgconsultancy.md\/ro\/team\/sinan-adnan-akgol\/\" class=\"secondary_font_color_hv text_decoration_none\">Sinan Adnan Akg\u00f6l<\/a>\n\t\t\t\t\t\t\t<\/h4>\n\t\t\t\t\t\t\t\t\t\t\t\t\t\t\t\t\t\t\t\t\t\t<div class=\"staff_department\">\n\t\t\t\t\t\t\t\t\tAvocat, Cofondator\t\t\t\t\t\t\t\t<\/div>\n\t\t\t\t\t\t\t\t\t\t\t\t\t\t\t\t\t\t\t\t\t\t\t\t\t\t\t\t\t<p>Absolvent de drept la Universitatea din Istanbul, dup\u0103 o scurt\u0103 perioad\u0103 de preg\u0103tire \u00een Marea...<\/p>\n\t\t\t\t\t\t\t\t\t\t\t\t\t\t<a class=\"read_more\" href=\"https:\/\/tmgconsultancy.md\/ro\/team\/sinan-adnan-akgol\/\">\n\t\t\t\t\t\t\t\t<span>Vezi profil<\/span>\n\t\t\t\t\t\t\t\t<i class=\" fa fa-chevron-right stm_icon\"><\/i>\n\t\t\t\t\t\t\t<\/a>\n\t\t\t\t\t\t<\/div>\n\t\t\t\t\t\t\t\t\t<\/li>\n\t\t\t\t\t\t\t\t<li>\n\t\t\t\t\t\t\t\t\t\t\t\t\t\t\t\t\t\t\t\t\t\t\t<div class=\"staff_image\">\n\t\t\t\t\t\t\t\t<a href=\"https:\/\/tmgconsultancy.md\/ro\/team\/izel-akgol\/\">\n\t\t\t\t\t\t\t\t\t<img decoding=\"async\" width=\"266\" height=\"300\" src=\"https:\/\/tmgconsultancy.md\/wp-content\/uploads\/2023\/03\/izel-akgol-00-266x300.jpg\" class=\"attachment-medium size-medium wp-post-image\" alt=\"\" srcset=\"https:\/\/tmgconsultancy.md\/wp-content\/uploads\/2023\/03\/izel-akgol-00-266x300.jpg 266w, https:\/\/tmgconsultancy.md\/wp-content\/uploads\/2023\/03\/izel-akgol-00.jpg 486w\" sizes=\"(max-width: 266px) 100vw, 266px\" \/>\t\t\t\t\t\t\t\t<\/a>\n\t\t\t\t\t\t\t<\/div>\n\t\t\t\t\t\t\t\t\t\t\t\t<div class=\"staff_info\">\n\t\t\t\t\t\t\t<h4 class=\"no_stripe\">\n\t\t\t\t\t\t\t\t<a href=\"https:\/\/tmgconsultancy.md\/ro\/team\/izel-akgol\/\" class=\"secondary_font_color_hv text_decoration_none\">\u0130zel Akg\u00f6l<\/a>\n\t\t\t\t\t\t\t<\/h4>\n\t\t\t\t\t\t\t\t\t\t\t\t\t\t\t\t\t\t\t\t\t\t<div class=\"staff_department\">\n\t\t\t\t\t\t\t\t\tAvocat\t\t\t\t\t\t\t\t<\/div>\n\t\t\t\t\t\t\t\t\t\t\t\t\t\t\t\t\t\t\t\t\t\t\t\t\t\t\t\t\t<p>Av. \u0130zel Akg\u00f6l a absolvit Facultatea de Drept a Universit\u0103\u021bii Bahceseri, Istanbul. \u00cen prezent...<\/p>\n\t\t\t\t\t\t\t\t\t\t\t\t\t\t<a class=\"read_more\" href=\"https:\/\/tmgconsultancy.md\/ro\/team\/izel-akgol\/\">\n\t\t\t\t\t\t\t\t<span>Vezi profil<\/span>\n\t\t\t\t\t\t\t\t<i class=\" fa fa-chevron-right stm_icon\"><\/i>\n\t\t\t\t\t\t\t<\/a>\n\t\t\t\t\t\t<\/div>\n\t\t\t\t\t\t\t\t\t<\/li>\n\t\t\t\t\t\t\t\t<li>\n\t\t\t\t\t\t\t\t\t\t\t\t\t\t\t\t\t\t\t\t\t\t\t<div class=\"staff_image\">\n\t\t\t\t\t\t\t\t<a href=\"https:\/\/tmgconsultancy.md\/ro\/team\/leaseva-liubovi\/\">\n\t\t\t\t\t\t\t\t\t<img loading=\"lazy\" decoding=\"async\" width=\"266\" height=\"300\" src=\"https:\/\/tmgconsultancy.md\/wp-content\/uploads\/2023\/03\/Leaseva-Liubovi-00-266x300.jpg\" class=\"attachment-medium size-medium wp-post-image\" alt=\"\" srcset=\"https:\/\/tmgconsultancy.md\/wp-content\/uploads\/2023\/03\/Leaseva-Liubovi-00-266x300.jpg 266w, https:\/\/tmgconsultancy.md\/wp-content\/uploads\/2023\/03\/Leaseva-Liubovi-00.jpg 486w\" sizes=\"(max-width: 266px) 100vw, 266px\" \/>\t\t\t\t\t\t\t\t<\/a>\n\t\t\t\t\t\t\t<\/div>\n\t\t\t\t\t\t\t\t\t\t\t\t<div class=\"staff_info\">\n\t\t\t\t\t\t\t<h4 class=\"no_stripe\">\n\t\t\t\t\t\t\t\t<a href=\"https:\/\/tmgconsultancy.md\/ro\/team\/leaseva-liubovi\/\" class=\"secondary_font_color_hv text_decoration_none\">Lea\u0219eva Liubovi<\/a>\n\t\t\t\t\t\t\t<\/h4>\n\t\t\t\t\t\t\t\t\t\t\t\t\t\t\t\t\t\t\t\t\t\t<div class=\"staff_department\">\n\t\t\t\t\t\t\t\t\tJurist\t\t\t\t\t\t\t\t<\/div>\n\t\t\t\t\t\t\t\t\t\t\t\t\t\t\t\t\t\t\t\t\t\t\t\t\t\t\t\t\t<p>A absolvit Academia de Studii Economice din Moldova, licen\u021ba \u00een Drept. \u00cen 2012 a ob\u021binit titlu...<\/p>\n\t\t\t\t\t\t\t\t\t\t\t\t\t\t<a class=\"read_more\" href=\"https:\/\/tmgconsultancy.md\/ro\/team\/leaseva-liubovi\/\">\n\t\t\t\t\t\t\t\t<span>Vezi profil<\/span>\n\t\t\t\t\t\t\t\t<i class=\" fa fa-chevron-right stm_icon\"><\/i>\n\t\t\t\t\t\t\t<\/a>\n\t\t\t\t\t\t<\/div>\n\t\t\t\t\t\t\t\t\t<\/li>\n\t\t\t\t\t\t\t\t<li>\n\t\t\t\t\t\t\t\t\t\t\t\t\t\t\t\t\t\t\t\t\t\t\t<div class=\"staff_image\">\n\t\t\t\t\t\t\t\t<a href=\"https:\/\/tmgconsultancy.md\/ro\/team\/frunze-tatiana\/\">\n\t\t\t\t\t\t\t\t\t<img loading=\"lazy\" decoding=\"async\" width=\"266\" height=\"300\" src=\"https:\/\/tmgconsultancy.md\/wp-content\/uploads\/2023\/03\/Frunze_Tatiana-00-266x300.jpg\" class=\"attachment-medium size-medium wp-post-image\" alt=\"\" srcset=\"https:\/\/tmgconsultancy.md\/wp-content\/uploads\/2023\/03\/Frunze_Tatiana-00-266x300.jpg 266w, https:\/\/tmgconsultancy.md\/wp-content\/uploads\/2023\/03\/Frunze_Tatiana-00.jpg 486w\" sizes=\"(max-width: 266px) 100vw, 266px\" \/>\t\t\t\t\t\t\t\t<\/a>\n\t\t\t\t\t\t\t<\/div>\n\t\t\t\t\t\t\t\t\t\t\t\t<div class=\"staff_info\">\n\t\t\t\t\t\t\t<h4 class=\"no_stripe\">\n\t\t\t\t\t\t\t\t<a href=\"https:\/\/tmgconsultancy.md\/ro\/team\/frunze-tatiana\/\" class=\"secondary_font_color_hv text_decoration_none\">Frunze Tatiana<\/a>\n\t\t\t\t\t\t\t<\/h4>\n\t\t\t\t\t\t\t\t\t\t\t\t\t\t\t\t\t\t\t\t\t\t<div class=\"staff_department\">\n\t\t\t\t\t\t\t\t\tAvocat\t\t\t\t\t\t\t\t<\/div>\n\t\t\t\t\t\t\t\t\t\t\t\t\t\t\t\t\t\t\t\t\t\t\t\t\t\t\t\t\t<p>Unul dintre fondatorii BAA \u201dByLaw\u201d. A absolvit Facultatea de Drept a Universit\u0103\u0163ii de Stat...<\/p>\n\t\t\t\t\t\t\t\t\t\t\t\t\t\t<a class=\"read_more\" href=\"https:\/\/tmgconsultancy.md\/ro\/team\/frunze-tatiana\/\">\n\t\t\t\t\t\t\t\t<span>Vezi profil<\/span>\n\t\t\t\t\t\t\t\t<i class=\" fa fa-chevron-right stm_icon\"><\/i>\n\t\t\t\t\t\t\t<\/a>\n\t\t\t\t\t\t<\/div>\n\t\t\t\t\t\t\t\t\t<\/li>\n\t\t\t\t\t\t\t\t\t<\/ul>\n\t<\/div>\n\t\t\t\t<\/div>\n\t\t\t\t<\/div>\n\t\t\t\t\t<\/div>\n\t\t<\/div>\n\t\t\t\t<div class=\"elementor-column elementor-col-100 elementor-top-column elementor-element elementor-element-89c1ccf elementor-hidden-tablet elementor-hidden-phone\" data-id=\"89c1ccf\" data-element_type=\"column\" data-e-type=\"column\">\n\t\t\t<div class=\"elementor-widget-wrap elementor-element-populated\">\n\t\t\t\t\t\t<div class=\"elementor-element elementor-element-89c23ed elementor-widget elementor-widget-stm_sidebar\" data-id=\"89c23ed\" data-element_type=\"widget\" data-e-type=\"widget\" data-widget_type=\"stm_sidebar.default\">\n\t\t\t\t<div class=\"elementor-widget-container\">\n\t\t\t\t\t\n<div class=\"stm_sidebar consulting_elementor_sidebar\">\n\n            \t\t<div data-elementor-type=\"wp-post\" data-elementor-id=\"311\" class=\"elementor elementor-311\" data-elementor-post-type=\"stm_vc_sidebar\">\n\t\t\t\t\t\t<section class=\"elementor-section elementor-top-section elementor-element elementor-element-c857da8 elementor-section-boxed elementor-section-height-default elementor-section-height-default\" data-id=\"c857da8\" data-element_type=\"section\" data-e-type=\"section\" data-settings=\"{&quot;background_background&quot;:&quot;classic&quot;}\">\n\t\t\t\t\t\t<div class=\"elementor-container elementor-column-gap-default\">\n\t\t\t\t\t<div class=\"elementor-column elementor-col-100 elementor-top-column elementor-element elementor-element-c858737\" data-id=\"c858737\" data-element_type=\"column\" data-e-type=\"column\">\n\t\t\t<div class=\"elementor-widget-wrap elementor-element-populated\">\n\t\t\t\t\t\t<div class=\"elementor-element elementor-element-c09a1c9 elementor-widget elementor-widget-wp-widget-nav_menu\" data-id=\"c09a1c9\" data-element_type=\"widget\" data-e-type=\"widget\" data-widget_type=\"wp-widget-nav_menu.default\">\n\t\t\t\t<div class=\"elementor-widget-container\">\n\t\t\t\t\t<aside class='widget widget_nav_menu'><div class=\"menu-sidebar-menu-1-container\"><ul id=\"menu-sidebar-menu-1\" class=\"menu\"><li id=\"menu-item-15663\" class=\"menu-item menu-item-type-post_type menu-item-object-page menu-item-15663\"><a href=\"https:\/\/tmgconsultancy.md\/who-we-are\/\">Cine suntem noi<\/a><\/li>\n<li id=\"menu-item-15665\" class=\"menu-item menu-item-type-post_type menu-item-object-page menu-item-15665\"><a href=\"https:\/\/tmgconsultancy.md\/who-we-are\/our-team\/\">Echipa noastr\u0103<\/a><\/li>\n<\/ul><\/div><\/aside>\t\t\t\t<\/div>\n\t\t\t\t<\/div>\n\t\t\t\t\t<\/div>\n\t\t<\/div>\n\t\t\t\t\t<\/div>\n\t\t<\/section>\n\t\t\t\t<section class=\"elementor-section elementor-top-section elementor-element elementor-element-39bf392 elementor-section-boxed elementor-section-height-default elementor-section-height-default\" data-id=\"39bf392\" data-element_type=\"section\" data-e-type=\"section\">\n\t\t\t\t\t\t<div class=\"elementor-container elementor-column-gap-default\">\n\t\t\t\t\t<div class=\"elementor-column elementor-col-100 elementor-top-column elementor-element elementor-element-0cf184a\" data-id=\"0cf184a\" data-element_type=\"column\" data-e-type=\"column\" data-settings=\"{&quot;background_background&quot;:&quot;classic&quot;}\">\n\t\t\t<div class=\"elementor-widget-wrap elementor-element-populated\">\n\t\t\t\t\t\t<section class=\"elementor-section elementor-inner-section elementor-element elementor-element-11bce19 elementor-section-boxed elementor-section-height-default elementor-section-height-default\" data-id=\"11bce19\" data-element_type=\"section\" data-e-type=\"section\" data-settings=\"{&quot;background_background&quot;:&quot;classic&quot;}\">\n\t\t\t\t\t\t<div class=\"elementor-container elementor-column-gap-default\">\n\t\t\t\t\t<div class=\"elementor-column elementor-col-100 elementor-inner-column elementor-element elementor-element-f922435\" data-id=\"f922435\" data-element_type=\"column\" data-e-type=\"column\" data-settings=\"{&quot;background_background&quot;:&quot;classic&quot;}\">\n\t\t\t<div class=\"elementor-widget-wrap elementor-element-populated\">\n\t\t\t\t\t<div class=\"elementor-background-overlay\"><\/div>\n\t\t\t\t\t\t<div class=\"elementor-element elementor-element-bc660ea elementor-widget elementor-widget-vc_custom_heading\" data-id=\"bc660ea\" data-element_type=\"widget\" data-e-type=\"widget\" data-widget_type=\"vc_custom_heading.default\">\n\t\t\t\t<div class=\"elementor-widget-container\">\n\t\t\t\t\t<div class=\" vc_custom_heading  consulting_heading_font  text_align_left title_no_stripe\" ><div style=\"font-size: 16px;color: #FFFFFF;text-align: left;font-weight:700\" class=\"consulting-custom-title\">How can we help you?\n<\/div><\/div>\t\t\t\t<\/div>\n\t\t\t\t<\/div>\n\t\t\t\t<div class=\"elementor-element elementor-element-9f2f95b elementor-widget elementor-widget-text-editor\" data-id=\"9f2f95b\" data-element_type=\"widget\" data-e-type=\"widget\" data-widget_type=\"text-editor.default\">\n\t\t\t\t<div class=\"elementor-widget-container\">\n\t\t\t\t\t\t\t\t\t<p><span style=\"color: #ffffff;\">Contact us at the Consulting office nearest to you or submit a business inquiry online.<\/span><\/p>\n\t\t\t\t\t\t\t\t<\/div>\n\t\t\t\t<\/div>\n\t\t\t\t<div class=\"elementor-element elementor-element-9866bd7 elementor-widget__width-auto elementor-widget elementor-widget-button\" data-id=\"9866bd7\" data-element_type=\"widget\" data-e-type=\"widget\" data-widget_type=\"button.default\">\n\t\t\t\t<div class=\"elementor-widget-container\">\n\t\t\t\t\t\t\t\t\t<div class=\"elementor-button-wrapper icon_align_  \">\n\t\t\t\t\t<a class=\"elementor-button elementor-button-link elementor-size-md\" href=\"\/contact-us\/\">\n\t\t\t\t\t\t<span class=\"elementor-button-content-wrapper\">\n\t\t\t\t\t\t<span class=\"elementor-button-icon\">\n\t\t\t\t<i aria-hidden=\"true\" class=\" stm-popup-phone\"><\/i>\t\t\t<\/span>\n\t\t\t\t\t\t\t\t\t<span class=\"elementor-button-text\">contacts<\/span>\n\t\t\t\t\t<\/span>\n\t\t\t\t\t<\/a>\n\t\t\t\t<\/div>\n\t\t\t\t\t\t\t\t<\/div>\n\t\t\t\t<\/div>\n\t\t\t\t\t<\/div>\n\t\t<\/div>\n\t\t\t\t\t<\/div>\n\t\t<\/section>\n\t\t\t\t\t<\/div>\n\t\t<\/div>\n\t\t\t\t\t<\/div>\n\t\t<\/section>\n\t\t\t\t<section class=\"elementor-section elementor-top-section elementor-element elementor-element-c85ec98 elementor-section-boxed elementor-section-height-default elementor-section-height-default\" data-id=\"c85ec98\" data-element_type=\"section\" data-e-type=\"section\">\n\t\t\t\t\t\t<div class=\"elementor-container elementor-column-gap-default\">\n\t\t\t\t\t<div class=\"elementor-column elementor-col-100 elementor-top-column elementor-element elementor-element-c85f302\" data-id=\"c85f302\" data-element_type=\"column\" data-e-type=\"column\">\n\t\t\t<div class=\"elementor-widget-wrap elementor-element-populated\">\n\t\t\t\t\t\t<div class=\"elementor-element elementor-element-c85f86e elementor-widget elementor-widget-stm_testimonials\" data-id=\"c85f86e\" data-element_type=\"widget\" data-e-type=\"widget\" data-widget_type=\"stm_testimonials.default\">\n\t\t\t\t<div class=\"elementor-widget-container\">\n\t\t\t\t\t\n\n\t\n\t\t\t\t\t<\/div>\n\t\t\t\t<\/div>\n\t\t\t\t\t<\/div>\n\t\t<\/div>\n\t\t\t\t\t<\/div>\n\t\t<\/section>\n\t\t\t\t<\/div>\n\t\t    \n<\/div>\t\t\t\t<\/div>\n\t\t\t\t<\/div>\n\t\t\t\t\t<\/div>\n\t\t<\/div>\n\t\t\t\t\t<\/div>\n\t\t<\/section>\n\t\t\t\t<section class=\"elementor-section elementor-top-section elementor-element elementor-element-7402549 third_bg_color elementor-section-stretched elementor-section-boxed elementor-section-height-default elementor-section-height-default\" data-id=\"7402549\" data-element_type=\"section\" data-e-type=\"section\" data-settings=\"{&quot;background_background&quot;:&quot;classic&quot;,&quot;stretch_section&quot;:&quot;section-stretched&quot;}\">\n\t\t\t\t\t\t<div class=\"elementor-container elementor-column-gap-default\">\n\t\t\t\t\t<div class=\"elementor-column elementor-col-100 elementor-top-column elementor-element elementor-element-1b8201a\" data-id=\"1b8201a\" data-element_type=\"column\" data-e-type=\"column\">\n\t\t\t<div class=\"elementor-widget-wrap elementor-element-populated\">\n\t\t\t\t\t\t<div class=\"elementor-element elementor-element-c66abd5 elementor-widget elementor-widget-vc_cta\" data-id=\"c66abd5\" data-element_type=\"widget\" data-e-type=\"widget\" data-widget_type=\"vc_cta.default\">\n\t\t\t\t<div class=\"elementor-widget-container\">\n\t\t\t\t\t\n<div class=\"ce_cta ce_cta_fd3427fd15812679e2c29da94537b376 ce_text_left third_bg_color add_button_right btn_align_right btn_button_block_true btn_has_icon btn_has_icon_on_the_right\" id=\"\">\n\t<div class=\"ce_cta__content\">\n\t\t<div class=\"ce_cta__content__header\">\n\t\t\t<h2  class='ce_cta__content__title '><a href='https:\/\/tmgconsultancy.md\/contact-us\/' target='_self'>Looking for a First-Class Business Consultant?<\/a><\/h2>\t\t<\/div>\n\t\t\t<\/div>\n\n\t\t<div class=\"ce_cta__action\">\n\t\t<a\n\t\t\thref=\"\/contact-us\/\"\n\t\t\t\t\t\ttarget=\"_self\"\n\t\t\tclass=\"button\n\t\t\t\t\t\">\n\t\t\t<span>Contact us<\/span>\n\t\t\t\t\t\t<i class=\" stm-right-arrow\"><\/i>\n\t\t\t\t\t<\/a>\n\t<\/div>\n\t<\/div>\n\t\t\t\t<\/div>\n\t\t\t\t<\/div>\n\t\t\t\t\t<\/div>\n\t\t<\/div>\n\t\t\t\t\t<\/div>\n\t\t<\/section>\n\t\t\t\t<\/div>\n\t\t","protected":false},"excerpt":{"rendered":"<p>Frunze Tatiana Lawyear Areas of expertise: corporate and commercial law, civil law, insolvency, legal audit, etc. view profile Lea\u0219eva Liubovi Graduated from the Academy of Economic Studies in Moldova, with a degree in Law. In 2012 he obtained&#8230; view profile How can we help you? Contact us at the Consulting office nearest to you or<\/p>\n","protected":false},"author":2,"featured_media":0,"parent":16907,"menu_order":0,"comment_status":"closed","ping_status":"closed","template":"","meta":{"inline_featured_image":false,"footnotes":""},"class_list":["post-16877","page","type-page","status-publish","hentry"],"_links":{"self":[{"href":"https:\/\/tmgconsultancy.md\/ro\/wp-json\/wp\/v2\/pages\/16877","targetHints":{"allow":["GET"]}}],"collection":[{"href":"https:\/\/tmgconsultancy.md\/ro\/wp-json\/wp\/v2\/pages"}],"about":[{"href":"https:\/\/tmgconsultancy.md\/ro\/wp-json\/wp\/v2\/types\/page"}],"author":[{"embeddable":true,"href":"https:\/\/tmgconsultancy.md\/ro\/wp-json\/wp\/v2\/users\/2"}],"replies":[{"embeddable":true,"href":"https:\/\/tmgconsultancy.md\/ro\/wp-json\/wp\/v2\/comments?post=16877"}],"version-history":[{"count":1,"href":"https:\/\/tmgconsultancy.md\/ro\/wp-json\/wp\/v2\/pages\/16877\/revisions"}],"predecessor-version":[{"id":17383,"href":"https:\/\/tmgconsultancy.md\/ro\/wp-json\/wp\/v2\/pages\/16877\/revisions\/17383"}],"up":[{"embeddable":true,"href":"https:\/\/tmgconsultancy.md\/ro\/wp-json\/wp\/v2\/pages\/16907"}],"wp:attachment":[{"href":"https:\/\/tmgconsultancy.md\/ro\/wp-json\/wp\/v2\/media?parent=16877"}],"curies":[{"name":"wp","href":"https:\/\/api.w.org\/{rel}","templated":true}]}}