{"id":16907,"date":"2015-12-15T07:37:33","date_gmt":"2015-12-15T07:37:33","guid":{"rendered":"https:\/\/tmgconsultancy.md\/who-we-are\/"},"modified":"2023-06-22T20:08:41","modified_gmt":"2023-06-22T20:08:41","slug":"cine-suntem-noi","status":"publish","type":"page","link":"https:\/\/tmgconsultancy.md\/ro\/cine-suntem-noi\/","title":{"rendered":"Cine suntem noi"},"content":{"rendered":"\t\t<div data-elementor-type=\"wp-page\" data-elementor-id=\"16907\" class=\"elementor elementor-16907 elementor-7471\" data-elementor-post-type=\"page\">\n\t\t\t\t\t\t<section class=\"elementor-section elementor-top-section elementor-element elementor-element-d15dbc4 elementor-section-boxed elementor-section-height-default elementor-section-height-default\" data-id=\"d15dbc4\" data-element_type=\"section\" data-e-type=\"section\" data-settings=\"{&quot;background_background&quot;:&quot;classic&quot;}\">\n\t\t\t\t\t\t<div class=\"elementor-container elementor-column-gap-default\">\n\t\t\t\t\t<div class=\"elementor-column elementor-col-100 elementor-top-column elementor-element elementor-element-d15e413\" data-id=\"d15e413\" data-element_type=\"column\" data-e-type=\"column\">\n\t\t\t<div class=\"elementor-widget-wrap elementor-element-populated\">\n\t\t\t\t\t\t<div class=\"elementor-element elementor-element-e87df58 elementor-widget elementor-widget-image\" data-id=\"e87df58\" data-element_type=\"widget\" data-e-type=\"widget\" data-widget_type=\"image.default\">\n\t\t\t\t<div class=\"elementor-widget-container\">\n\t\t\t\t\t\t\t\t\t\t\t\t\t\t\t<img fetchpriority=\"high\" decoding=\"async\" width=\"1024\" height=\"576\" src=\"https:\/\/tmgconsultancy.md\/wp-content\/uploads\/2023\/01\/tmg-consultancy-01-1024x576.jpg\" class=\"attachment-large size-large wp-image-15953\" alt=\"\" srcset=\"https:\/\/tmgconsultancy.md\/wp-content\/uploads\/2023\/01\/tmg-consultancy-01-1024x576.jpg 1024w, https:\/\/tmgconsultancy.md\/wp-content\/uploads\/2023\/01\/tmg-consultancy-01-300x169.jpg 300w, https:\/\/tmgconsultancy.md\/wp-content\/uploads\/2023\/01\/tmg-consultancy-01-768x432.jpg 768w, https:\/\/tmgconsultancy.md\/wp-content\/uploads\/2023\/01\/tmg-consultancy-01-1536x864.jpg 1536w, https:\/\/tmgconsultancy.md\/wp-content\/uploads\/2023\/01\/tmg-consultancy-01-900x506.jpg 900w, https:\/\/tmgconsultancy.md\/wp-content\/uploads\/2023\/01\/tmg-consultancy-01.jpg 1920w\" sizes=\"(max-width: 1024px) 100vw, 1024px\" \/>\t\t\t\t\t\t\t\t\t\t\t\t\t\t\t<\/div>\n\t\t\t\t<\/div>\n\t\t\t\t<div class=\"elementor-element elementor-element-d15ecf2 elementor-widget elementor-widget-text-editor\" data-id=\"d15ecf2\" data-element_type=\"widget\" data-e-type=\"widget\" data-widget_type=\"text-editor.default\">\n\t\t\t\t<div class=\"elementor-widget-container\">\n\t\t\t\t\t\t\t\t\t<h2 class=\"no_stripe\">Cine suntem noi<\/h2>\n<p>TMG Consultancy a fost \u00eenfiin\u021bat\u0103 pe baza parteneriatului dintre Agen\u021bia juridic\u0103 \u201eOnoris Legis\u201d &amp; Partners \u00a0din Republica Moldova \u0219i Firma de Avocatur\u0103 Akg\u00f6l din Turcia. Acest Centru moldo-turc de drept al afacerilor \u00ee\u0219i propune s\u0103 contribuie la diversificarea \u0219i dezvoltarea rela\u021biilor sociale \u0219i economice dintre Moldova \u0219i Turcia, precum \u0219i la promovarea poten\u021bialului economic al companiilor moldovene\u0219ti \u0219i turce\u0219ti prin furnizarea de servicii de consultan\u021b\u0103 calificate din punct de vedere juridic.<\/p>\n\t\t\t\t\t\t\t\t<\/div>\n\t\t\t\t<\/div>\n\t\t\t\t<div class=\"elementor-element elementor-element-d15f0bb elementor-widget elementor-widget-text-editor\" data-id=\"d15f0bb\" data-element_type=\"widget\" data-e-type=\"widget\" data-widget_type=\"text-editor.default\">\n\t\t\t\t<div class=\"elementor-widget-container\">\n\t\t\t\t\t\t\t\t\t<blockquote>\n<p>\u201eDezvoltarea unei afaceri de succes necesit\u0103 dep\u0103\u0219irea multor provoc\u0103ri Capcanele administrative, obstacolele legale sau tenta\u021biile concuren\u021bilor stau adesea \u00een calea succesului.\u201d<\/p>\n<\/blockquote>\n\t\t\t\t\t\t\t\t<\/div>\n\t\t\t\t<\/div>\n\t\t\t\t<div class=\"elementor-element elementor-element-82d972e elementor-widget elementor-widget-text-editor\" data-id=\"82d972e\" data-element_type=\"widget\" data-e-type=\"widget\" data-widget_type=\"text-editor.default\">\n\t\t\t\t<div class=\"elementor-widget-container\">\n\t\t\t\t\t\t\t\t\t<h2>De ce noi<\/h2>\n<p>Fondatorii\u00a0 TMG Consultancy au o imagine impecabil\u0103 pe pia\u021ba serviciilor juridice din statele lor, iar construirea unei rela\u021bii durabile este esen\u021bial\u0103 pentru a asigura o reprezentare juridic\u0103 eficient\u0103. Ve\u021bi ob\u021bine o abordare bazat\u0103 pe o experien\u021b\u0103 bogat\u0103 de c\u00e2\u0219tig \u00een instan\u021b\u0103 apel\u00e2nd la serviciile noastre.<\/p>\n<p>Ve\u021bi lucra spate \u00een spate cu o echip\u0103 de exper\u021bi juridici a c\u0103rei experien\u021b\u0103 acoper\u0103 o multitudine de experien\u021be \u00een domeniul tranzac\u021biilor comerciale \u0219i al litigiilor comerciale.<\/p>\n<p>La Centrul moldo-turc de drept al afacerilor, ne angaj\u0103m s\u0103 v\u0103 oferim informa\u021bii veridice \u0219i exacte la timp pentru a v\u0103 ajuta s\u0103 lua\u021bi decizii legale solide care s\u0103 v\u0103 protejeze afacerea.<\/p>\n\t\t\t\t\t\t\t\t<\/div>\n\t\t\t\t<\/div>\n\t\t\t\t<div class=\"elementor-element elementor-element-ca0d750 elementor-widget elementor-widget-text-editor\" data-id=\"ca0d750\" data-element_type=\"widget\" data-e-type=\"widget\" data-widget_type=\"text-editor.default\">\n\t\t\t\t<div class=\"elementor-widget-container\">\n\t\t\t\t\t\t\t\t\t<h2>Clien\u021bii \u0219i partenerii no\u0219tri<\/h2>\n\t\t\t\t\t\t\t\t<\/div>\n\t\t\t\t<\/div>\n\t\t\t\t<section class=\"elementor-section elementor-inner-section elementor-element elementor-element-2e8a589 elementor-section-boxed elementor-section-height-default elementor-section-height-default\" data-id=\"2e8a589\" data-element_type=\"section\" data-e-type=\"section\">\n\t\t\t\t\t\t<div class=\"elementor-container elementor-column-gap-default\">\n\t\t\t\t\t<div class=\"elementor-column elementor-col-100 elementor-inner-column elementor-element elementor-element-bbc5bf0 animated-fast elementor-invisible\" data-id=\"bbc5bf0\" data-element_type=\"column\" data-e-type=\"column\" data-settings=\"{&quot;animation&quot;:&quot;fadeInUp&quot;,&quot;animation_delay&quot;:800,&quot;animation_tablet&quot;:&quot;none&quot;}\">\n\t\t\t<div class=\"elementor-widget-wrap elementor-element-populated\">\n\t\t\t\t\t\t<div class=\"elementor-element elementor-element-9ca3741 elementor-widget elementor-widget-image-carousel\" data-id=\"9ca3741\" data-element_type=\"widget\" data-e-type=\"widget\" data-settings=\"{&quot;slides_to_show&quot;:&quot;5&quot;,&quot;navigation&quot;:&quot;none&quot;,&quot;lazyload&quot;:&quot;yes&quot;,&quot;slides_to_show_mobile&quot;:&quot;1&quot;,&quot;autoplay_speed&quot;:3000,&quot;speed&quot;:300,&quot;autoplay&quot;:&quot;yes&quot;,&quot;pause_on_hover&quot;:&quot;yes&quot;,&quot;pause_on_interaction&quot;:&quot;yes&quot;,&quot;infinite&quot;:&quot;yes&quot;}\" data-widget_type=\"image-carousel.default\">\n\t\t\t\t<div class=\"elementor-widget-container\">\n\t\t\t\t\t\t\t<div class=\"elementor-image-carousel-wrapper swiper\" role=\"region\" aria-roledescription=\"carousel\" aria-label=\"Carusel de imagini\" dir=\"ltr\">\n\t\t\t<div class=\"elementor-image-carousel swiper-wrapper\" aria-live=\"off\">\n\t\t\t\t\t\t\t\t<div class=\"swiper-slide\" role=\"group\" aria-roledescription=\"slide\" aria-label=\"1 din 20\"><figure class=\"swiper-slide-inner\"><img class=\"swiper-slide-image swiper-lazy\" data-src=\"https:\/\/tmgconsultancy.md\/wp-content\/uploads\/2023\/02\/oncosem-logo.png\" alt=\"oncosem-logo\" \/><div class=\"swiper-lazy-preloader\"><\/div><\/figure><\/div><div class=\"swiper-slide\" role=\"group\" aria-roledescription=\"slide\" aria-label=\"2 din 20\"><figure class=\"swiper-slide-inner\"><img class=\"swiper-slide-image swiper-lazy\" data-src=\"https:\/\/tmgconsultancy.md\/wp-content\/uploads\/2023\/02\/aqua-perla-logo.png\" alt=\"aqua-perla-logo\" \/><div class=\"swiper-lazy-preloader\"><\/div><\/figure><\/div><div class=\"swiper-slide\" role=\"group\" aria-roledescription=\"slide\" aria-label=\"3 din 20\"><figure class=\"swiper-slide-inner\"><img class=\"swiper-slide-image swiper-lazy\" data-src=\"https:\/\/tmgconsultancy.md\/wp-content\/uploads\/2023\/02\/quad-energy-srl-logo.png\" alt=\"quad-energy-srl-logo\" \/><div class=\"swiper-lazy-preloader\"><\/div><\/figure><\/div><div class=\"swiper-slide\" role=\"group\" aria-roledescription=\"slide\" aria-label=\"4 din 20\"><figure class=\"swiper-slide-inner\"><img class=\"swiper-slide-image swiper-lazy\" data-src=\"https:\/\/tmgconsultancy.md\/wp-content\/uploads\/2023\/02\/casatamare-logo.png\" alt=\"casatamare-logo\" \/><div class=\"swiper-lazy-preloader\"><\/div><\/figure><\/div><div class=\"swiper-slide\" role=\"group\" aria-roledescription=\"slide\" aria-label=\"5 din 20\"><figure class=\"swiper-slide-inner\"><img class=\"swiper-slide-image swiper-lazy\" data-src=\"https:\/\/tmgconsultancy.md\/wp-content\/uploads\/2023\/02\/aqua-terra-logo.png\" alt=\"aqua-terra-logo\" \/><div class=\"swiper-lazy-preloader\"><\/div><\/figure><\/div><div class=\"swiper-slide\" role=\"group\" aria-roledescription=\"slide\" aria-label=\"6 din 20\"><figure class=\"swiper-slide-inner\"><img class=\"swiper-slide-image swiper-lazy\" data-src=\"https:\/\/tmgconsultancy.md\/wp-content\/uploads\/2023\/02\/sonbay-insaat-srl-logo.png\" alt=\"sonbay-insaat-srl-logo\" \/><div class=\"swiper-lazy-preloader\"><\/div><\/figure><\/div><div class=\"swiper-slide\" role=\"group\" aria-roledescription=\"slide\" aria-label=\"7 din 20\"><figure class=\"swiper-slide-inner\"><img class=\"swiper-slide-image swiper-lazy\" data-src=\"https:\/\/tmgconsultancy.md\/wp-content\/uploads\/2023\/02\/erc-sistem-logo.png\" alt=\"erc-sistem-logo\" \/><div class=\"swiper-lazy-preloader\"><\/div><\/figure><\/div><div class=\"swiper-slide\" role=\"group\" aria-roledescription=\"slide\" aria-label=\"8 din 20\"><figure class=\"swiper-slide-inner\"><img class=\"swiper-slide-image swiper-lazy\" data-src=\"https:\/\/tmgconsultancy.md\/wp-content\/uploads\/2023\/02\/media-security-logo.png\" alt=\"media-security-logo\" \/><div class=\"swiper-lazy-preloader\"><\/div><\/figure><\/div><div class=\"swiper-slide\" role=\"group\" aria-roledescription=\"slide\" aria-label=\"9 din 20\"><figure class=\"swiper-slide-inner\"><img class=\"swiper-slide-image swiper-lazy\" data-src=\"https:\/\/tmgconsultancy.md\/wp-content\/uploads\/2023\/02\/edu.png\" alt=\"edu\" \/><div class=\"swiper-lazy-preloader\"><\/div><\/figure><\/div><div class=\"swiper-slide\" role=\"group\" aria-roledescription=\"slide\" aria-label=\"10 din 20\"><figure class=\"swiper-slide-inner\"><img class=\"swiper-slide-image swiper-lazy\" data-src=\"https:\/\/tmgconsultancy.md\/wp-content\/uploads\/2023\/02\/greenway-logo.png\" alt=\"greenway-logo\" \/><div class=\"swiper-lazy-preloader\"><\/div><\/figure><\/div><div class=\"swiper-slide\" role=\"group\" aria-roledescription=\"slide\" aria-label=\"11 din 20\"><figure class=\"swiper-slide-inner\"><img class=\"swiper-slide-image swiper-lazy\" data-src=\"https:\/\/tmgconsultancy.md\/wp-content\/uploads\/2023\/02\/mnt-logo.png\" alt=\"mnt-logo\" \/><div class=\"swiper-lazy-preloader\"><\/div><\/figure><\/div><div class=\"swiper-slide\" role=\"group\" aria-roledescription=\"slide\" aria-label=\"12 din 20\"><figure class=\"swiper-slide-inner\"><img class=\"swiper-slide-image swiper-lazy\" data-src=\"https:\/\/tmgconsultancy.md\/wp-content\/uploads\/2023\/02\/sesa-logo.png\" alt=\"sesa-logo\" \/><div class=\"swiper-lazy-preloader\"><\/div><\/figure><\/div><div class=\"swiper-slide\" role=\"group\" aria-roledescription=\"slide\" aria-label=\"13 din 20\"><figure class=\"swiper-slide-inner\"><img class=\"swiper-slide-image swiper-lazy\" data-src=\"https:\/\/tmgconsultancy.md\/wp-content\/uploads\/2023\/02\/asel-tesis-logo.png\" alt=\"asel-tesis-logo\" \/><div class=\"swiper-lazy-preloader\"><\/div><\/figure><\/div><div class=\"swiper-slide\" role=\"group\" aria-roledescription=\"slide\" aria-label=\"14 din 20\"><figure class=\"swiper-slide-inner\"><img class=\"swiper-slide-image swiper-lazy\" data-src=\"https:\/\/tmgconsultancy.md\/wp-content\/uploads\/2023\/02\/tmf-logo.png\" alt=\"tmf-logo\" \/><div class=\"swiper-lazy-preloader\"><\/div><\/figure><\/div><div class=\"swiper-slide\" role=\"group\" aria-roledescription=\"slide\" aria-label=\"15 din 20\"><figure class=\"swiper-slide-inner\"><img class=\"swiper-slide-image swiper-lazy\" data-src=\"https:\/\/tmgconsultancy.md\/wp-content\/uploads\/2023\/02\/onoris-legis-logo_1.png\" alt=\"onoris-legis-logo_1\" \/><div class=\"swiper-lazy-preloader\"><\/div><\/figure><\/div><div class=\"swiper-slide\" role=\"group\" aria-roledescription=\"slide\" aria-label=\"16 din 20\"><figure class=\"swiper-slide-inner\"><img class=\"swiper-slide-image swiper-lazy\" data-src=\"https:\/\/tmgconsultancy.md\/wp-content\/uploads\/2023\/02\/x-style-logo.png\" alt=\"x-style-logo\" \/><div class=\"swiper-lazy-preloader\"><\/div><\/figure><\/div><div class=\"swiper-slide\" role=\"group\" aria-roledescription=\"slide\" aria-label=\"17 din 20\"><figure class=\"swiper-slide-inner\"><img class=\"swiper-slide-image swiper-lazy\" data-src=\"https:\/\/tmgconsultancy.md\/wp-content\/uploads\/2023\/02\/rikipal-logo.png\" alt=\"rikipal-logo\" \/><div class=\"swiper-lazy-preloader\"><\/div><\/figure><\/div><div class=\"swiper-slide\" role=\"group\" aria-roledescription=\"slide\" aria-label=\"18 din 20\"><figure class=\"swiper-slide-inner\"><img class=\"swiper-slide-image swiper-lazy\" data-src=\"https:\/\/tmgconsultancy.md\/wp-content\/uploads\/2023\/02\/klion-group-logo.png\" alt=\"klion-group-logo\" \/><div class=\"swiper-lazy-preloader\"><\/div><\/figure><\/div><div class=\"swiper-slide\" role=\"group\" aria-roledescription=\"slide\" aria-label=\"19 din 20\"><figure class=\"swiper-slide-inner\"><img class=\"swiper-slide-image swiper-lazy\" data-src=\"https:\/\/tmgconsultancy.md\/wp-content\/uploads\/2023\/02\/a1-logo.png\" alt=\"a1-logo\" \/><div class=\"swiper-lazy-preloader\"><\/div><\/figure><\/div><div class=\"swiper-slide\" role=\"group\" aria-roledescription=\"slide\" aria-label=\"20 din 20\"><figure class=\"swiper-slide-inner\"><img class=\"swiper-slide-image swiper-lazy\" data-src=\"https:\/\/tmgconsultancy.md\/wp-content\/uploads\/2023\/02\/expert-consult-logo.png\" alt=\"expert-consult-logo\" \/><div class=\"swiper-lazy-preloader\"><\/div><\/figure><\/div>\t\t\t<\/div>\n\t\t\t\t\t\t\t\n\t\t\t\t\t\t\t\t\t<\/div>\n\t\t\t\t\t\t<\/div>\n\t\t\t\t<\/div>\n\t\t\t\t\t<\/div>\n\t\t<\/div>\n\t\t\t\t\t<\/div>\n\t\t<\/section>\n\t\t\t\t\t<\/div>\n\t\t<\/div>\n\t\t\t\t<div class=\"elementor-column elementor-col-25 elementor-top-column elementor-element elementor-element-d162f76 elementor-hidden-tablet elementor-hidden-phone\" data-id=\"d162f76\" data-element_type=\"column\" data-e-type=\"column\">\n\t\t\t<div class=\"elementor-widget-wrap elementor-element-populated\">\n\t\t\t\t\t\t<div class=\"elementor-element elementor-element-d1637d4 elementor-widget elementor-widget-stm_sidebar\" data-id=\"d1637d4\" data-element_type=\"widget\" data-e-type=\"widget\" data-widget_type=\"stm_sidebar.default\">\n\t\t\t\t<div class=\"elementor-widget-container\">\n\t\t\t\t\t\n<div class=\"stm_sidebar consulting_elementor_sidebar\">\n\n            \t\t<div data-elementor-type=\"wp-post\" data-elementor-id=\"311\" class=\"elementor elementor-311\" data-elementor-post-type=\"stm_vc_sidebar\">\n\t\t\t\t\t\t<section class=\"elementor-section elementor-top-section elementor-element elementor-element-c857da8 elementor-section-boxed elementor-section-height-default elementor-section-height-default\" data-id=\"c857da8\" data-element_type=\"section\" data-e-type=\"section\" data-settings=\"{&quot;background_background&quot;:&quot;classic&quot;}\">\n\t\t\t\t\t\t<div class=\"elementor-container elementor-column-gap-default\">\n\t\t\t\t\t<div class=\"elementor-column elementor-col-100 elementor-top-column elementor-element elementor-element-c858737\" data-id=\"c858737\" data-element_type=\"column\" data-e-type=\"column\">\n\t\t\t<div class=\"elementor-widget-wrap elementor-element-populated\">\n\t\t\t\t\t\t<div class=\"elementor-element elementor-element-c09a1c9 elementor-widget elementor-widget-wp-widget-nav_menu\" data-id=\"c09a1c9\" data-element_type=\"widget\" data-e-type=\"widget\" data-widget_type=\"wp-widget-nav_menu.default\">\n\t\t\t\t<div class=\"elementor-widget-container\">\n\t\t\t\t\t<aside class='widget widget_nav_menu'><div class=\"menu-sidebar-menu-1-container\"><ul id=\"menu-sidebar-menu-1\" class=\"menu\"><li id=\"menu-item-15663\" class=\"menu-item menu-item-type-post_type menu-item-object-page menu-item-15663\"><a href=\"https:\/\/tmgconsultancy.md\/who-we-are\/\">Cine suntem noi<\/a><\/li>\n<li id=\"menu-item-15665\" class=\"menu-item menu-item-type-post_type menu-item-object-page menu-item-15665\"><a href=\"https:\/\/tmgconsultancy.md\/who-we-are\/our-team\/\">Echipa noastr\u0103<\/a><\/li>\n<\/ul><\/div><\/aside>\t\t\t\t<\/div>\n\t\t\t\t<\/div>\n\t\t\t\t\t<\/div>\n\t\t<\/div>\n\t\t\t\t\t<\/div>\n\t\t<\/section>\n\t\t\t\t<section class=\"elementor-section elementor-top-section elementor-element elementor-element-39bf392 elementor-section-boxed elementor-section-height-default elementor-section-height-default\" data-id=\"39bf392\" data-element_type=\"section\" data-e-type=\"section\">\n\t\t\t\t\t\t<div class=\"elementor-container elementor-column-gap-default\">\n\t\t\t\t\t<div class=\"elementor-column elementor-col-100 elementor-top-column elementor-element elementor-element-0cf184a\" data-id=\"0cf184a\" data-element_type=\"column\" data-e-type=\"column\" data-settings=\"{&quot;background_background&quot;:&quot;classic&quot;}\">\n\t\t\t<div class=\"elementor-widget-wrap elementor-element-populated\">\n\t\t\t\t\t\t<section class=\"elementor-section elementor-inner-section elementor-element elementor-element-11bce19 elementor-section-boxed elementor-section-height-default elementor-section-height-default\" data-id=\"11bce19\" data-element_type=\"section\" data-e-type=\"section\" data-settings=\"{&quot;background_background&quot;:&quot;classic&quot;}\">\n\t\t\t\t\t\t<div class=\"elementor-container elementor-column-gap-default\">\n\t\t\t\t\t<div class=\"elementor-column elementor-col-100 elementor-inner-column elementor-element elementor-element-f922435\" data-id=\"f922435\" data-element_type=\"column\" data-e-type=\"column\" data-settings=\"{&quot;background_background&quot;:&quot;classic&quot;}\">\n\t\t\t<div class=\"elementor-widget-wrap elementor-element-populated\">\n\t\t\t\t\t<div class=\"elementor-background-overlay\"><\/div>\n\t\t\t\t\t\t<div class=\"elementor-element elementor-element-bc660ea elementor-widget elementor-widget-vc_custom_heading\" data-id=\"bc660ea\" data-element_type=\"widget\" data-e-type=\"widget\" data-widget_type=\"vc_custom_heading.default\">\n\t\t\t\t<div class=\"elementor-widget-container\">\n\t\t\t\t\t<div class=\" vc_custom_heading  consulting_heading_font  text_align_left title_no_stripe\" ><div style=\"font-size: 16px;color: #FFFFFF;text-align: left;font-weight:700\" class=\"consulting-custom-title\">How can we help you?\n<\/div><\/div>\t\t\t\t<\/div>\n\t\t\t\t<\/div>\n\t\t\t\t<div class=\"elementor-element elementor-element-9f2f95b elementor-widget elementor-widget-text-editor\" data-id=\"9f2f95b\" data-element_type=\"widget\" data-e-type=\"widget\" data-widget_type=\"text-editor.default\">\n\t\t\t\t<div class=\"elementor-widget-container\">\n\t\t\t\t\t\t\t\t\t<p><span style=\"color: #ffffff;\">Contact us at the Consulting office nearest to you or submit a business inquiry online.<\/span><\/p>\n\t\t\t\t\t\t\t\t<\/div>\n\t\t\t\t<\/div>\n\t\t\t\t<div class=\"elementor-element elementor-element-9866bd7 elementor-widget__width-auto elementor-widget elementor-widget-button\" data-id=\"9866bd7\" data-element_type=\"widget\" data-e-type=\"widget\" data-widget_type=\"button.default\">\n\t\t\t\t<div class=\"elementor-widget-container\">\n\t\t\t\t\t\t\t\t\t<div class=\"elementor-button-wrapper icon_align_  \">\n\t\t\t\t\t<a class=\"elementor-button elementor-button-link elementor-size-md\" href=\"\/contact-us\/\">\n\t\t\t\t\t\t<span class=\"elementor-button-content-wrapper\">\n\t\t\t\t\t\t<span class=\"elementor-button-icon\">\n\t\t\t\t<i aria-hidden=\"true\" class=\" stm-popup-phone\"><\/i>\t\t\t<\/span>\n\t\t\t\t\t\t\t\t\t<span class=\"elementor-button-text\">contacts<\/span>\n\t\t\t\t\t<\/span>\n\t\t\t\t\t<\/a>\n\t\t\t\t<\/div>\n\t\t\t\t\t\t\t\t<\/div>\n\t\t\t\t<\/div>\n\t\t\t\t\t<\/div>\n\t\t<\/div>\n\t\t\t\t\t<\/div>\n\t\t<\/section>\n\t\t\t\t\t<\/div>\n\t\t<\/div>\n\t\t\t\t\t<\/div>\n\t\t<\/section>\n\t\t\t\t<section class=\"elementor-section elementor-top-section elementor-element elementor-element-c85ec98 elementor-section-boxed elementor-section-height-default elementor-section-height-default\" data-id=\"c85ec98\" data-element_type=\"section\" data-e-type=\"section\">\n\t\t\t\t\t\t<div class=\"elementor-container elementor-column-gap-default\">\n\t\t\t\t\t<div class=\"elementor-column elementor-col-100 elementor-top-column elementor-element elementor-element-c85f302\" data-id=\"c85f302\" data-element_type=\"column\" data-e-type=\"column\">\n\t\t\t<div class=\"elementor-widget-wrap elementor-element-populated\">\n\t\t\t\t\t\t<div class=\"elementor-element elementor-element-c85f86e elementor-widget elementor-widget-stm_testimonials\" data-id=\"c85f86e\" data-element_type=\"widget\" data-e-type=\"widget\" data-widget_type=\"stm_testimonials.default\">\n\t\t\t\t<div class=\"elementor-widget-container\">\n\t\t\t\t\t\n\n\t\n\t\t\t\t\t<\/div>\n\t\t\t\t<\/div>\n\t\t\t\t\t<\/div>\n\t\t<\/div>\n\t\t\t\t\t<\/div>\n\t\t<\/section>\n\t\t\t\t<\/div>\n\t\t    \n<\/div>\t\t\t\t<\/div>\n\t\t\t\t<\/div>\n\t\t\t\t\t<\/div>\n\t\t<\/div>\n\t\t\t\t\t<\/div>\n\t\t<\/section>\n\t\t\t\t<section class=\"elementor-section elementor-top-section elementor-element elementor-element-6ded672 third_bg_color elementor-section-stretched elementor-section-boxed elementor-section-height-default elementor-section-height-default\" data-id=\"6ded672\" data-element_type=\"section\" data-e-type=\"section\" data-settings=\"{&quot;background_background&quot;:&quot;classic&quot;,&quot;stretch_section&quot;:&quot;section-stretched&quot;}\">\n\t\t\t\t\t\t<div class=\"elementor-container elementor-column-gap-default\">\n\t\t\t\t\t<div class=\"elementor-column elementor-col-100 elementor-top-column elementor-element elementor-element-b172143\" data-id=\"b172143\" data-element_type=\"column\" data-e-type=\"column\">\n\t\t\t<div class=\"elementor-widget-wrap elementor-element-populated\">\n\t\t\t\t\t\t<div class=\"elementor-element elementor-element-02520fb elementor-widget elementor-widget-vc_cta\" data-id=\"02520fb\" data-element_type=\"widget\" data-e-type=\"widget\" data-widget_type=\"vc_cta.default\">\n\t\t\t\t<div class=\"elementor-widget-container\">\n\t\t\t\t\t\n<div class=\"ce_cta ce_cta_bfde7ed61dadcd38bea91e9783e6c610 ce_text_left third_bg_color add_button_right btn_align_right btn_button_block_true btn_has_icon btn_has_icon_on_the_right\" id=\"\">\n\t<div class=\"ce_cta__content\">\n\t\t<div class=\"ce_cta__content__header\">\n\t\t\t<h2  class='ce_cta__content__title '><a href='https:\/\/tmgconsultancy.md\/contact-us\/' target='_self'>C\u0103uta\u021bi un Consultant de afaceri de prim\u0103 clas\u0103?<\/a><\/h2>\t\t<\/div>\n\t\t\t<\/div>\n\n\t\t<div class=\"ce_cta__action\">\n\t\t<a\n\t\t\thref=\"https:\/\/tmgconsultancy.md\/ro\/contactati-ne\/\"\n\t\t\t\t\t\ttarget=\"_self\"\n\t\t\tclass=\"button\n\t\t\t\t\t\">\n\t\t\t<span> CONTACTEAZ\u0102-NE<\/span>\n\t\t\t\t\t\t<i class=\" stm-right-arrow\"><\/i>\n\t\t\t\t\t<\/a>\n\t<\/div>\n\t<\/div>\n\t\t\t\t<\/div>\n\t\t\t\t<\/div>\n\t\t\t\t\t<\/div>\n\t\t<\/div>\n\t\t\t\t\t<\/div>\n\t\t<\/section>\n\t\t\t\t<\/div>\n\t\t","protected":false},"excerpt":{"rendered":"<p>Cine suntem noi TMG Consultancy a fost \u00eenfiin\u021bat\u0103 pe baza parteneriatului dintre Agen\u021bia juridic\u0103 \u201eOnoris Legis\u201d &amp; Partners \u00a0din Republica Moldova \u0219i Firma de Avocatur\u0103 Akg\u00f6l din Turcia. Acest Centru moldo-turc de drept al afacerilor \u00ee\u0219i propune s\u0103 contribuie la diversificarea \u0219i dezvoltarea rela\u021biilor sociale \u0219i economice dintre Moldova \u0219i Turcia, precum \u0219i la promovarea<\/p>\n","protected":false},"author":1,"featured_media":0,"parent":0,"menu_order":0,"comment_status":"closed","ping_status":"closed","template":"","meta":{"inline_featured_image":false,"footnotes":""},"class_list":["post-16907","page","type-page","status-publish","hentry"],"_links":{"self":[{"href":"https:\/\/tmgconsultancy.md\/ro\/wp-json\/wp\/v2\/pages\/16907","targetHints":{"allow":["GET"]}}],"collection":[{"href":"https:\/\/tmgconsultancy.md\/ro\/wp-json\/wp\/v2\/pages"}],"about":[{"href":"https:\/\/tmgconsultancy.md\/ro\/wp-json\/wp\/v2\/types\/page"}],"author":[{"embeddable":true,"href":"https:\/\/tmgconsultancy.md\/ro\/wp-json\/wp\/v2\/users\/1"}],"replies":[{"embeddable":true,"href":"https:\/\/tmgconsultancy.md\/ro\/wp-json\/wp\/v2\/comments?post=16907"}],"version-history":[{"count":4,"href":"https:\/\/tmgconsultancy.md\/ro\/wp-json\/wp\/v2\/pages\/16907\/revisions"}],"predecessor-version":[{"id":17380,"href":"https:\/\/tmgconsultancy.md\/ro\/wp-json\/wp\/v2\/pages\/16907\/revisions\/17380"}],"wp:attachment":[{"href":"https:\/\/tmgconsultancy.md\/ro\/wp-json\/wp\/v2\/media?parent=16907"}],"curies":[{"name":"wp","href":"https:\/\/api.w.org\/{rel}","templated":true}]}}