{"id":17235,"date":"2023-02-14T11:24:04","date_gmt":"2023-02-14T11:24:04","guid":{"rendered":"https:\/\/tmgconsultancy.md\/blog\/"},"modified":"2023-05-21T10:03:40","modified_gmt":"2023-05-21T10:03:40","slug":"blog","status":"publish","type":"page","link":"https:\/\/tmgconsultancy.md\/tr\/blog\/","title":{"rendered":"Blog"},"content":{"rendered":"\t\t<div data-elementor-type=\"wp-page\" data-elementor-id=\"17235\" class=\"elementor elementor-17235 elementor-16263\" data-elementor-post-type=\"page\">\n\t\t\t\t\t\t<section class=\"elementor-section elementor-top-section elementor-element elementor-element-3182c60 elementor-section-boxed elementor-section-height-default elementor-section-height-default\" data-id=\"3182c60\" data-element_type=\"section\" data-e-type=\"section\">\n\t\t\t\t\t\t<div class=\"elementor-container elementor-column-gap-default\">\n\t\t\t\t\t<div class=\"elementor-column elementor-col-100 elementor-top-column elementor-element elementor-element-191f15a\" data-id=\"191f15a\" data-element_type=\"column\" data-e-type=\"column\">\n\t\t\t<div class=\"elementor-widget-wrap elementor-element-populated\">\n\t\t\t\t\t\t<div class=\"elementor-element elementor-element-c71f393 elementor-grid-3 elementor-grid-tablet-2 elementor-grid-mobile-1 elementor-posts--thumbnail-top elementor-card-shadow-yes elementor-posts__hover-gradient elementor-widget elementor-widget-posts\" data-id=\"c71f393\" data-element_type=\"widget\" data-e-type=\"widget\" data-settings=\"{&quot;cards_row_gap&quot;:{&quot;unit&quot;:&quot;px&quot;,&quot;size&quot;:4,&quot;sizes&quot;:[]},&quot;cards_columns&quot;:&quot;3&quot;,&quot;cards_columns_tablet&quot;:&quot;2&quot;,&quot;cards_columns_mobile&quot;:&quot;1&quot;,&quot;cards_row_gap_tablet&quot;:{&quot;unit&quot;:&quot;px&quot;,&quot;size&quot;:&quot;&quot;,&quot;sizes&quot;:[]},&quot;cards_row_gap_mobile&quot;:{&quot;unit&quot;:&quot;px&quot;,&quot;size&quot;:&quot;&quot;,&quot;sizes&quot;:[]}}\" data-widget_type=\"posts.cards\">\n\t\t\t\t<div class=\"elementor-widget-container\">\n\t\t\t\t\t\t\t<div class=\"elementor-posts-container elementor-posts elementor-posts--skin-cards elementor-grid\" role=\"list\">\n\t\t\t\t<article class=\"elementor-post elementor-grid-item post-17226 post type-post status-publish format-standard has-post-thumbnail hentry category-blog-tr\" role=\"listitem\">\n\t\t\t<div class=\"elementor-post__card\">\n\t\t\t\t<a class=\"elementor-post__thumbnail__link\" href=\"https:\/\/tmgconsultancy.md\/tr\/is-araciligi\/\" tabindex=\"-1\" ><div class=\"elementor-post__thumbnail\"><img fetchpriority=\"high\" decoding=\"async\" width=\"1110\" height=\"550\" src=\"https:\/\/tmgconsultancy.md\/wp-content\/uploads\/2023\/02\/company-in-moldova-1.jpg\" class=\"attachment-full size-full wp-image-17133\" alt=\"\" srcset=\"https:\/\/tmgconsultancy.md\/wp-content\/uploads\/2023\/02\/company-in-moldova-1.jpg 1110w, https:\/\/tmgconsultancy.md\/wp-content\/uploads\/2023\/02\/company-in-moldova-1-300x149.jpg 300w, https:\/\/tmgconsultancy.md\/wp-content\/uploads\/2023\/02\/company-in-moldova-1-1024x507.jpg 1024w, https:\/\/tmgconsultancy.md\/wp-content\/uploads\/2023\/02\/company-in-moldova-1-768x381.jpg 768w, https:\/\/tmgconsultancy.md\/wp-content\/uploads\/2023\/02\/company-in-moldova-1-900x446.jpg 900w\" sizes=\"(max-width: 1110px) 100vw, 1110px\" \/><\/div><\/a>\n\t\t\t\t<div class=\"elementor-post__text\">\n\t\t\t\t<h3 class=\"elementor-post__title\">\n\t\t\t<a href=\"https:\/\/tmgconsultancy.md\/tr\/is-araciligi\/\" >\n\t\t\t\t\u0130\u015f Arac\u0131l\u0131\u011f\u0131\t\t\t<\/a>\n\t\t<\/h3>\n\t\t\t\t<div class=\"elementor-post__excerpt\">\n\t\t\t<p>\u0130\u015f Arac\u0131l\u0131\u011f\u0131 TMG Dan\u0131\u015fmanl\u0131k, ticari i\u015fbirlikleri veya stratejik ittifaklar i\u00e7in \u015firketlerin potansiyel ortaklarla ba\u011flant\u0131 kurmas\u0131na yard\u0131mc\u0131 olan i\u015f arac\u0131l\u0131k hizmetleri sa\u011flayabilir. Bunlar aras\u0131nda i\u015f f\u0131rsatlar\u0131n\u0131n<\/p>\n\t\t<\/div>\n\t\t\t\t\t<div class=\"elementor-post__read-more-wrapper\">\n\t\t\n\t\t<a class=\"elementor-post__read-more\" href=\"https:\/\/tmgconsultancy.md\/tr\/is-araciligi\/\" aria-label=\"Read more about \u0130\u015f Arac\u0131l\u0131\u011f\u0131\" tabindex=\"-1\" >\n\t\t\tDevam\u0131n\u0131 Oku\t\t<\/a>\n\n\t\t\t\t\t<\/div>\n\t\t\t\t<\/div>\n\t\t\t\t\t<\/div>\n\t\t<\/article>\n\t\t\t\t<article class=\"elementor-post elementor-grid-item post-17229 post type-post status-publish format-standard has-post-thumbnail hentry category-blog-tr\" role=\"listitem\">\n\t\t\t<div class=\"elementor-post__card\">\n\t\t\t\t<a class=\"elementor-post__thumbnail__link\" href=\"https:\/\/tmgconsultancy.md\/tr\/yetki-ve-lisans-alinmasi\/\" tabindex=\"-1\" ><div class=\"elementor-post__thumbnail\"><img decoding=\"async\" width=\"1110\" height=\"550\" src=\"https:\/\/tmgconsultancy.md\/wp-content\/uploads\/2023\/02\/Obtaining-authorization-and-license-moldova.jpg\" class=\"attachment-full size-full wp-image-17132\" alt=\"\" srcset=\"https:\/\/tmgconsultancy.md\/wp-content\/uploads\/2023\/02\/Obtaining-authorization-and-license-moldova.jpg 1110w, https:\/\/tmgconsultancy.md\/wp-content\/uploads\/2023\/02\/Obtaining-authorization-and-license-moldova-300x149.jpg 300w, https:\/\/tmgconsultancy.md\/wp-content\/uploads\/2023\/02\/Obtaining-authorization-and-license-moldova-1024x507.jpg 1024w, https:\/\/tmgconsultancy.md\/wp-content\/uploads\/2023\/02\/Obtaining-authorization-and-license-moldova-768x381.jpg 768w, https:\/\/tmgconsultancy.md\/wp-content\/uploads\/2023\/02\/Obtaining-authorization-and-license-moldova-900x446.jpg 900w\" sizes=\"(max-width: 1110px) 100vw, 1110px\" \/><\/div><\/a>\n\t\t\t\t<div class=\"elementor-post__text\">\n\t\t\t\t<h3 class=\"elementor-post__title\">\n\t\t\t<a href=\"https:\/\/tmgconsultancy.md\/tr\/yetki-ve-lisans-alinmasi\/\" >\n\t\t\t\tYetki ve lisans al\u0131nmas\u0131\t\t\t<\/a>\n\t\t<\/h3>\n\t\t\t\t<div class=\"elementor-post__excerpt\">\n\t\t\t<p>TMG Dan\u0131\u015fmanl\u0131k ile yetki ve lisans al\u0131nmas\u0131 TMG Dan\u0131\u015fmanl\u0131k, i\u015fletmeniz i\u00e7in gerekli yetki ve lisans\u0131 alman\u0131zda size e\u015flik eder. Faaliyetin niteli\u011fine ve y\u00fcr\u00fctt\u00fc\u011f\u00fcn\u00fcz yere ba\u011fl\u0131<\/p>\n\t\t<\/div>\n\t\t\t\t\t<div class=\"elementor-post__read-more-wrapper\">\n\t\t\n\t\t<a class=\"elementor-post__read-more\" href=\"https:\/\/tmgconsultancy.md\/tr\/yetki-ve-lisans-alinmasi\/\" aria-label=\"Read more about Yetki ve lisans al\u0131nmas\u0131\" tabindex=\"-1\" >\n\t\t\tDevam\u0131n\u0131 Oku\t\t<\/a>\n\n\t\t\t\t\t<\/div>\n\t\t\t\t<\/div>\n\t\t\t\t\t<\/div>\n\t\t<\/article>\n\t\t\t\t<article class=\"elementor-post elementor-grid-item post-17232 post type-post status-publish format-standard has-post-thumbnail hentry category-blog-tr\" role=\"listitem\">\n\t\t\t<div class=\"elementor-post__card\">\n\t\t\t\t<a class=\"elementor-post__thumbnail__link\" href=\"https:\/\/tmgconsultancy.md\/tr\/tuzel-kisiligin-yeniden-duzenlenmesi\/\" tabindex=\"-1\" ><div class=\"elementor-post__thumbnail\"><img decoding=\"async\" width=\"1110\" height=\"550\" src=\"https:\/\/tmgconsultancy.md\/wp-content\/uploads\/2023\/02\/Reorganization-of-the-legal-entity-moldova.jpg\" class=\"attachment-full size-full wp-image-17131\" alt=\"\" srcset=\"https:\/\/tmgconsultancy.md\/wp-content\/uploads\/2023\/02\/Reorganization-of-the-legal-entity-moldova.jpg 1110w, https:\/\/tmgconsultancy.md\/wp-content\/uploads\/2023\/02\/Reorganization-of-the-legal-entity-moldova-300x149.jpg 300w, https:\/\/tmgconsultancy.md\/wp-content\/uploads\/2023\/02\/Reorganization-of-the-legal-entity-moldova-1024x507.jpg 1024w, https:\/\/tmgconsultancy.md\/wp-content\/uploads\/2023\/02\/Reorganization-of-the-legal-entity-moldova-768x381.jpg 768w, https:\/\/tmgconsultancy.md\/wp-content\/uploads\/2023\/02\/Reorganization-of-the-legal-entity-moldova-900x446.jpg 900w\" sizes=\"(max-width: 1110px) 100vw, 1110px\" \/><\/div><\/a>\n\t\t\t\t<div class=\"elementor-post__text\">\n\t\t\t\t<h3 class=\"elementor-post__title\">\n\t\t\t<a href=\"https:\/\/tmgconsultancy.md\/tr\/tuzel-kisiligin-yeniden-duzenlenmesi\/\" >\n\t\t\t\tT\u00fczel ki\u015fili\u011fin yeniden d\u00fczenlenmesi\t\t\t<\/a>\n\t\t<\/h3>\n\t\t\t\t<div class=\"elementor-post__excerpt\">\n\t\t\t<p>T\u00fczel ki\u015fili\u011fin yeniden d\u00fczenlenmesi Moldova Cumhuriyeti&#8217;ndeki t\u00fczel ki\u015fili\u011fin yeniden d\u00fczenlenmesi, i\u015fletmenin performans\u0131n\u0131 ve karl\u0131l\u0131\u011f\u0131n\u0131 art\u0131rmak i\u00e7in etkili bir \u00e7\u00f6z\u00fcm olabilir. S\u00fcre\u00e7, organizasyon yap\u0131s\u0131ndaki de\u011fi\u015fiklikleri, maliyet<\/p>\n\t\t<\/div>\n\t\t\t\t\t<div class=\"elementor-post__read-more-wrapper\">\n\t\t\n\t\t<a class=\"elementor-post__read-more\" href=\"https:\/\/tmgconsultancy.md\/tr\/tuzel-kisiligin-yeniden-duzenlenmesi\/\" aria-label=\"Read more about T\u00fczel ki\u015fili\u011fin yeniden d\u00fczenlenmesi\" tabindex=\"-1\" >\n\t\t\tDevam\u0131n\u0131 Oku\t\t<\/a>\n\n\t\t\t\t\t<\/div>\n\t\t\t\t<\/div>\n\t\t\t\t\t<\/div>\n\t\t<\/article>\n\t\t\t\t<article class=\"elementor-post elementor-grid-item post-17236 post type-post status-publish format-standard has-post-thumbnail hentry category-blog-tr\" role=\"listitem\">\n\t\t\t<div class=\"elementor-post__card\">\n\t\t\t\t<a class=\"elementor-post__thumbnail__link\" href=\"https:\/\/tmgconsultancy.md\/tr\/sirketin-moldova-cumhuriyetinde-tasfiyesi\/\" tabindex=\"-1\" ><div class=\"elementor-post__thumbnail\"><img loading=\"lazy\" decoding=\"async\" width=\"1110\" height=\"550\" src=\"https:\/\/tmgconsultancy.md\/wp-content\/uploads\/2023\/02\/Liquidation-of-the-company-in-Moldova.jpg\" class=\"attachment-full size-full wp-image-17130\" alt=\"\" srcset=\"https:\/\/tmgconsultancy.md\/wp-content\/uploads\/2023\/02\/Liquidation-of-the-company-in-Moldova.jpg 1110w, https:\/\/tmgconsultancy.md\/wp-content\/uploads\/2023\/02\/Liquidation-of-the-company-in-Moldova-300x149.jpg 300w, https:\/\/tmgconsultancy.md\/wp-content\/uploads\/2023\/02\/Liquidation-of-the-company-in-Moldova-1024x507.jpg 1024w, https:\/\/tmgconsultancy.md\/wp-content\/uploads\/2023\/02\/Liquidation-of-the-company-in-Moldova-768x381.jpg 768w, https:\/\/tmgconsultancy.md\/wp-content\/uploads\/2023\/02\/Liquidation-of-the-company-in-Moldova-900x446.jpg 900w\" sizes=\"(max-width: 1110px) 100vw, 1110px\" \/><\/div><\/a>\n\t\t\t\t<div class=\"elementor-post__text\">\n\t\t\t\t<h3 class=\"elementor-post__title\">\n\t\t\t<a href=\"https:\/\/tmgconsultancy.md\/tr\/sirketin-moldova-cumhuriyetinde-tasfiyesi\/\" >\n\t\t\t\t\u015eirketin Moldova Cumhuriyeti&#8217;nde tasfiyesi\t\t\t<\/a>\n\t\t<\/h3>\n\t\t\t\t<div class=\"elementor-post__excerpt\">\n\t\t\t<p>\u015eirketin Moldova Cumhuriyeti&#8217;nde tasfiyesi Moldova Cumhuriyeti&#8217;nde bir \u015firketin tasfiyesi karma\u015f\u0131k bir s\u00fcre\u00e7 olabilir ve i\u015fin boyutuna ve niteli\u011fine ba\u011fl\u0131 olarak birka\u00e7 ay hatta y\u0131l alabilir.<\/p>\n\t\t<\/div>\n\t\t\t\t\t<div class=\"elementor-post__read-more-wrapper\">\n\t\t\n\t\t<a class=\"elementor-post__read-more\" href=\"https:\/\/tmgconsultancy.md\/tr\/sirketin-moldova-cumhuriyetinde-tasfiyesi\/\" aria-label=\"Read more about \u015eirketin Moldova Cumhuriyeti&#8217;nde tasfiyesi\" tabindex=\"-1\" >\n\t\t\tDevam\u0131n\u0131 Oku\t\t<\/a>\n\n\t\t\t\t\t<\/div>\n\t\t\t\t<\/div>\n\t\t\t\t\t<\/div>\n\t\t<\/article>\n\t\t\t\t<article class=\"elementor-post elementor-grid-item post-17240 post type-post status-publish format-standard has-post-thumbnail hentry category-blog-tr\" role=\"listitem\">\n\t\t\t<div class=\"elementor-post__card\">\n\t\t\t\t<a class=\"elementor-post__thumbnail__link\" href=\"https:\/\/tmgconsultancy.md\/tr\/is-yerinizi-moldova-cumhuriyetine-tasima\/\" tabindex=\"-1\" ><div class=\"elementor-post__thumbnail\"><img loading=\"lazy\" decoding=\"async\" width=\"1110\" height=\"550\" src=\"https:\/\/tmgconsultancy.md\/wp-content\/uploads\/2023\/02\/business-relocation-moldova.jpg\" class=\"attachment-full size-full wp-image-17129\" alt=\"\" srcset=\"https:\/\/tmgconsultancy.md\/wp-content\/uploads\/2023\/02\/business-relocation-moldova.jpg 1110w, https:\/\/tmgconsultancy.md\/wp-content\/uploads\/2023\/02\/business-relocation-moldova-300x149.jpg 300w, https:\/\/tmgconsultancy.md\/wp-content\/uploads\/2023\/02\/business-relocation-moldova-1024x507.jpg 1024w, https:\/\/tmgconsultancy.md\/wp-content\/uploads\/2023\/02\/business-relocation-moldova-768x381.jpg 768w, https:\/\/tmgconsultancy.md\/wp-content\/uploads\/2023\/02\/business-relocation-moldova-900x446.jpg 900w\" sizes=\"(max-width: 1110px) 100vw, 1110px\" \/><\/div><\/a>\n\t\t\t\t<div class=\"elementor-post__text\">\n\t\t\t\t<h3 class=\"elementor-post__title\">\n\t\t\t<a href=\"https:\/\/tmgconsultancy.md\/tr\/is-yerinizi-moldova-cumhuriyetine-tasima\/\" >\n\t\t\t\t\u0130\u015f yerinizi Moldova Cumhuriyeti&#8217;ne ta\u015f\u0131ma\t\t\t<\/a>\n\t\t<\/h3>\n\t\t\t\t<div class=\"elementor-post__excerpt\">\n\t\t\t<p>\u0130\u015f yerinizi Moldova Cumhuriyeti&#8217;ne ta\u015f\u0131ma TMG Dan\u0131\u015fmanl\u0131k, Moldova Cumhuriyeti&#8217;nde i\u015f yerinin ta\u015f\u0131nmas\u0131 i\u00e7in kapsaml\u0131 dan\u0131\u015fmanl\u0131k ve destek hizmetleri sa\u011flayabilir. TMG ekibi, f\u0131rsatlar\u0131 de\u011ferlendirmeye ve i\u015fletmenin<\/p>\n\t\t<\/div>\n\t\t\t\t\t<div class=\"elementor-post__read-more-wrapper\">\n\t\t\n\t\t<a class=\"elementor-post__read-more\" href=\"https:\/\/tmgconsultancy.md\/tr\/is-yerinizi-moldova-cumhuriyetine-tasima\/\" aria-label=\"Read more about \u0130\u015f yerinizi Moldova Cumhuriyeti&#8217;ne ta\u015f\u0131ma\" tabindex=\"-1\" >\n\t\t\tDevam\u0131n\u0131 Oku\t\t<\/a>\n\n\t\t\t\t\t<\/div>\n\t\t\t\t<\/div>\n\t\t\t\t\t<\/div>\n\t\t<\/article>\n\t\t\t\t<article class=\"elementor-post elementor-grid-item post-17244 post type-post status-publish format-standard has-post-thumbnail hentry category-blog-tr\" role=\"listitem\">\n\t\t\t<div class=\"elementor-post__card\">\n\t\t\t\t<a class=\"elementor-post__thumbnail__link\" href=\"https:\/\/tmgconsultancy.md\/tr\/moldovada-sirket-acmanin-avantajlari\/\" tabindex=\"-1\" ><div class=\"elementor-post__thumbnail\"><img loading=\"lazy\" decoding=\"async\" width=\"1110\" height=\"550\" src=\"https:\/\/tmgconsultancy.md\/wp-content\/uploads\/2023\/02\/advantages-opening-company-in-moldova.jpg\" class=\"attachment-full size-full wp-image-17128\" alt=\"\" srcset=\"https:\/\/tmgconsultancy.md\/wp-content\/uploads\/2023\/02\/advantages-opening-company-in-moldova.jpg 1110w, https:\/\/tmgconsultancy.md\/wp-content\/uploads\/2023\/02\/advantages-opening-company-in-moldova-300x149.jpg 300w, https:\/\/tmgconsultancy.md\/wp-content\/uploads\/2023\/02\/advantages-opening-company-in-moldova-1024x507.jpg 1024w, https:\/\/tmgconsultancy.md\/wp-content\/uploads\/2023\/02\/advantages-opening-company-in-moldova-768x381.jpg 768w, https:\/\/tmgconsultancy.md\/wp-content\/uploads\/2023\/02\/advantages-opening-company-in-moldova-900x446.jpg 900w\" sizes=\"(max-width: 1110px) 100vw, 1110px\" \/><\/div><\/a>\n\t\t\t\t<div class=\"elementor-post__text\">\n\t\t\t\t<h3 class=\"elementor-post__title\">\n\t\t\t<a href=\"https:\/\/tmgconsultancy.md\/tr\/moldovada-sirket-acmanin-avantajlari\/\" >\n\t\t\t\tMoldova&#8217;da \u015firket a\u00e7man\u0131n avantajlar\u0131\t\t\t<\/a>\n\t\t<\/h3>\n\t\t\t\t<div class=\"elementor-post__excerpt\">\n\t\t\t<p>Moldova Cumhuriyeti&#8217;nde \u015firket a\u00e7man\u0131n avantajlar\u0131 D\u00fc\u015f\u00fck maliyetli Moldova&#8217;daki i\u015fletme maliyetleri, Avrupa&#8217;daki di\u011fer \u00fclkelere k\u0131yasla nispeten d\u00fc\u015f\u00fckt\u00fcr. &nbsp; B\u00fcy\u00fck pazar Moldova Cumhuriyeti, yakla\u015f\u0131k 3 milyon n\u00fcfusu<\/p>\n\t\t<\/div>\n\t\t\t\t\t<div class=\"elementor-post__read-more-wrapper\">\n\t\t\n\t\t<a class=\"elementor-post__read-more\" href=\"https:\/\/tmgconsultancy.md\/tr\/moldovada-sirket-acmanin-avantajlari\/\" aria-label=\"Read more about Moldova&#8217;da \u015firket a\u00e7man\u0131n avantajlar\u0131\" tabindex=\"-1\" >\n\t\t\tDevam\u0131n\u0131 Oku\t\t<\/a>\n\n\t\t\t\t\t<\/div>\n\t\t\t\t<\/div>\n\t\t\t\t\t<\/div>\n\t\t<\/article>\n\t\t\t\t<article class=\"elementor-post elementor-grid-item post-17247 post type-post status-publish format-standard has-post-thumbnail hentry category-blog-tr\" role=\"listitem\">\n\t\t\t<div class=\"elementor-post__card\">\n\t\t\t\t<a class=\"elementor-post__thumbnail__link\" href=\"https:\/\/tmgconsultancy.md\/tr\/vekaletname-ile-sirket-acilisi\/\" tabindex=\"-1\" ><div class=\"elementor-post__thumbnail\"><img loading=\"lazy\" decoding=\"async\" width=\"1110\" height=\"550\" src=\"https:\/\/tmgconsultancy.md\/wp-content\/uploads\/2023\/02\/power-of-attorney.jpg\" class=\"attachment-full size-full wp-image-17127\" alt=\"\" srcset=\"https:\/\/tmgconsultancy.md\/wp-content\/uploads\/2023\/02\/power-of-attorney.jpg 1110w, https:\/\/tmgconsultancy.md\/wp-content\/uploads\/2023\/02\/power-of-attorney-300x149.jpg 300w, https:\/\/tmgconsultancy.md\/wp-content\/uploads\/2023\/02\/power-of-attorney-1024x507.jpg 1024w, https:\/\/tmgconsultancy.md\/wp-content\/uploads\/2023\/02\/power-of-attorney-768x381.jpg 768w, https:\/\/tmgconsultancy.md\/wp-content\/uploads\/2023\/02\/power-of-attorney-900x446.jpg 900w\" sizes=\"(max-width: 1110px) 100vw, 1110px\" \/><\/div><\/a>\n\t\t\t\t<div class=\"elementor-post__text\">\n\t\t\t\t<h3 class=\"elementor-post__title\">\n\t\t\t<a href=\"https:\/\/tmgconsultancy.md\/tr\/vekaletname-ile-sirket-acilisi\/\" >\n\t\t\t\tVekaletname ile \u015firket a\u00e7\u0131l\u0131\u015f\u0131\t\t\t<\/a>\n\t\t<\/h3>\n\t\t\t\t<div class=\"elementor-post__excerpt\">\n\t\t\t<p>Moldova Cumhuriyeti&#8217;nde vekaletname ile \u015firket a\u00e7\u0131l\u0131\u015f\u0131 Evet, TMG Dan\u0131\u015fmanl\u0131k size Moldova Cumhuriyeti&#8217;nde vekaletname sahibi \u015firket a\u00e7ma konusunda yard\u0131m sunmaktad\u0131r. Tecr\u00fcbemiz ve mesleki bilgimizle, m\u00fcmk\u00fcn olan<\/p>\n\t\t<\/div>\n\t\t\t\t\t<div class=\"elementor-post__read-more-wrapper\">\n\t\t\n\t\t<a class=\"elementor-post__read-more\" href=\"https:\/\/tmgconsultancy.md\/tr\/vekaletname-ile-sirket-acilisi\/\" aria-label=\"Read more about Vekaletname ile \u015firket a\u00e7\u0131l\u0131\u015f\u0131\" tabindex=\"-1\" >\n\t\t\tDevam\u0131n\u0131 Oku\t\t<\/a>\n\n\t\t\t\t\t<\/div>\n\t\t\t\t<\/div>\n\t\t\t\t\t<\/div>\n\t\t<\/article>\n\t\t\t\t<article class=\"elementor-post elementor-grid-item post-17250 post type-post status-publish format-standard has-post-thumbnail hentry category-blog-tr\" role=\"listitem\">\n\t\t\t<div class=\"elementor-post__card\">\n\t\t\t\t<a class=\"elementor-post__thumbnail__link\" href=\"https:\/\/tmgconsultancy.md\/tr\/moldova-cumhuriyetinde-bir-sirketin-tescili\/\" tabindex=\"-1\" ><div class=\"elementor-post__thumbnail\"><img loading=\"lazy\" decoding=\"async\" width=\"1110\" height=\"550\" src=\"https:\/\/tmgconsultancy.md\/wp-content\/uploads\/2023\/02\/company-in-moldova.jpg\" class=\"attachment-full size-full wp-image-17126\" alt=\"\" srcset=\"https:\/\/tmgconsultancy.md\/wp-content\/uploads\/2023\/02\/company-in-moldova.jpg 1110w, https:\/\/tmgconsultancy.md\/wp-content\/uploads\/2023\/02\/company-in-moldova-300x149.jpg 300w, https:\/\/tmgconsultancy.md\/wp-content\/uploads\/2023\/02\/company-in-moldova-1024x507.jpg 1024w, https:\/\/tmgconsultancy.md\/wp-content\/uploads\/2023\/02\/company-in-moldova-768x381.jpg 768w, https:\/\/tmgconsultancy.md\/wp-content\/uploads\/2023\/02\/company-in-moldova-900x446.jpg 900w\" sizes=\"(max-width: 1110px) 100vw, 1110px\" \/><\/div><\/a>\n\t\t\t\t<div class=\"elementor-post__text\">\n\t\t\t\t<h3 class=\"elementor-post__title\">\n\t\t\t<a href=\"https:\/\/tmgconsultancy.md\/tr\/moldova-cumhuriyetinde-bir-sirketin-tescili\/\" >\n\t\t\t\tMoldova Cumhuriyeti&#8217;nde bir \u015firketin tescili\t\t\t<\/a>\n\t\t<\/h3>\n\t\t\t\t<div class=\"elementor-post__excerpt\">\n\t\t\t<p>Moldova Cumhuriyeti&#8217;nde \u015firket kayd\u0131 yapmak karma\u015f\u0131k bir s\u00fcre\u00e7 olabilir, ancak TMG Dan\u0131\u015fmanl\u0131k&#8217;\u0131n yard\u0131m\u0131yla basitle\u015ftirilebilir ve kolayla\u015ft\u0131r\u0131labilir. &nbsp; \u0130\u015fte baz\u0131 \u00f6nemli ad\u0131mlar: yasal bi\u00e7im se\u00e7imi Her<\/p>\n\t\t<\/div>\n\t\t\t\t\t<div class=\"elementor-post__read-more-wrapper\">\n\t\t\n\t\t<a class=\"elementor-post__read-more\" href=\"https:\/\/tmgconsultancy.md\/tr\/moldova-cumhuriyetinde-bir-sirketin-tescili\/\" aria-label=\"Read more about Moldova Cumhuriyeti&#8217;nde bir \u015firketin tescili\" tabindex=\"-1\" >\n\t\t\tDevam\u0131n\u0131 Oku\t\t<\/a>\n\n\t\t\t\t\t<\/div>\n\t\t\t\t<\/div>\n\t\t\t\t\t<\/div>\n\t\t<\/article>\n\t\t\t\t<\/div>\n\t\t\n\t\t\t\t\t\t<\/div>\n\t\t\t\t<\/div>\n\t\t\t\t\t<\/div>\n\t\t<\/div>\n\t\t\t\t\t<\/div>\n\t\t<\/section>\n\t\t\t\t<\/div>\n\t\t","protected":false},"excerpt":{"rendered":"","protected":false},"author":1,"featured_media":0,"parent":0,"menu_order":0,"comment_status":"closed","ping_status":"closed","template":"","meta":{"inline_featured_image":false,"footnotes":""},"class_list":["post-17235","page","type-page","status-publish","hentry"],"_links":{"self":[{"href":"https:\/\/tmgconsultancy.md\/tr\/wp-json\/wp\/v2\/pages\/17235","targetHints":{"allow":["GET"]}}],"collection":[{"href":"https:\/\/tmgconsultancy.md\/tr\/wp-json\/wp\/v2\/pages"}],"about":[{"href":"https:\/\/tmgconsultancy.md\/tr\/wp-json\/wp\/v2\/types\/page"}],"author":[{"embeddable":true,"href":"https:\/\/tmgconsultancy.md\/tr\/wp-json\/wp\/v2\/users\/1"}],"replies":[{"embeddable":true,"href":"https:\/\/tmgconsultancy.md\/tr\/wp-json\/wp\/v2\/comments?post=17235"}],"version-history":[{"count":1,"href":"https:\/\/tmgconsultancy.md\/tr\/wp-json\/wp\/v2\/pages\/17235\/revisions"}],"predecessor-version":[{"id":17239,"href":"https:\/\/tmgconsultancy.md\/tr\/wp-json\/wp\/v2\/pages\/17235\/revisions\/17239"}],"wp:attachment":[{"href":"https:\/\/tmgconsultancy.md\/tr\/wp-json\/wp\/v2\/media?parent=17235"}],"curies":[{"name":"wp","href":"https:\/\/api.w.org\/{rel}","templated":true}]}}