{"id":17338,"date":"2016-01-08T11:28:46","date_gmt":"2016-01-08T11:28:46","guid":{"rendered":"https:\/\/tmgconsultancy.md\/hakkimizda\/our-team\/"},"modified":"2023-05-22T05:50:59","modified_gmt":"2023-05-22T05:50:59","slug":"ekibimiz","status":"publish","type":"page","link":"https:\/\/tmgconsultancy.md\/tr\/hakkimizda\/ekibimiz\/","title":{"rendered":"Ekibimiz"},"content":{"rendered":"\t\t<div data-elementor-type=\"wp-page\" data-elementor-id=\"17338\" class=\"elementor elementor-17338 elementor-462\" data-elementor-post-type=\"page\">\n\t\t\t\t\t\t<section class=\"elementor-section elementor-top-section elementor-element elementor-element-89c0816 elementor-section-boxed elementor-section-height-default elementor-section-height-default\" data-id=\"89c0816\" data-element_type=\"section\" data-e-type=\"section\" data-settings=\"{&quot;background_background&quot;:&quot;classic&quot;}\">\n\t\t\t\t\t\t<div class=\"elementor-container elementor-column-gap-default\">\n\t\t\t\t\t<div class=\"elementor-column elementor-col-100 elementor-top-column elementor-element elementor-element-89c1059\" data-id=\"89c1059\" data-element_type=\"column\" data-e-type=\"column\">\n\t\t\t<div class=\"elementor-widget-wrap elementor-element-populated\">\n\t\t\t\t\t\t<div class=\"elementor-element elementor-element-89c1b99 elementor-widget elementor-widget-stm_staff_list\" data-id=\"89c1b99\" data-element_type=\"widget\" data-e-type=\"widget\" data-widget_type=\"stm_staff_list.default\">\n\t\t\t\t<div class=\"elementor-widget-container\">\n\t\t\t\t\t\n\t<div class=\"staff_list consulting_elementor_staff_list  grid cols_3 \">\n\t\t<ul>\n\t\t\t\t\t\t\t<li>\n\t\t\t\t\t\t\t\t\t\t\t\t\t\t\t\t\t\t\t\t\t\t\t<div class=\"staff_image\">\n\t\t\t\t\t\t\t\t<a href=\"https:\/\/tmgconsultancy.md\/tr\/team\/andrei-russu\/\">\n\t\t\t\t\t\t\t\t\t<img fetchpriority=\"high\" decoding=\"async\" width=\"266\" height=\"300\" src=\"https:\/\/tmgconsultancy.md\/wp-content\/uploads\/2023\/03\/Russu-Andrei-00-266x300.jpg\" class=\"attachment-medium size-medium wp-post-image\" alt=\"\" srcset=\"https:\/\/tmgconsultancy.md\/wp-content\/uploads\/2023\/03\/Russu-Andrei-00-266x300.jpg 266w, https:\/\/tmgconsultancy.md\/wp-content\/uploads\/2023\/03\/Russu-Andrei-00.jpg 486w\" sizes=\"(max-width: 266px) 100vw, 266px\" \/>\t\t\t\t\t\t\t\t<\/a>\n\t\t\t\t\t\t\t<\/div>\n\t\t\t\t\t\t\t\t\t\t\t\t<div class=\"staff_info\">\n\t\t\t\t\t\t\t<h4 class=\"no_stripe\">\n\t\t\t\t\t\t\t\t<a href=\"https:\/\/tmgconsultancy.md\/tr\/team\/andrei-russu\/\" class=\"secondary_font_color_hv text_decoration_none\">Andrei Russu<\/a>\n\t\t\t\t\t\t\t<\/h4>\n\t\t\t\t\t\t\t\t\t\t\t\t\t\t\t\t\t\t\t\t\t\t<div class=\"staff_department\">\n\t\t\t\t\t\t\t\t\tAvukat, Kurucu Ortak\t\t\t\t\t\t\t\t<\/div>\n\t\t\t\t\t\t\t\t\t\t\t\t\t\t\t\t\t\t\t\t\t\t\t\t\t\t\t\t\t<p>Moldova Devlet \u00dcniversitesi hukuk fak\u00fcltesinden mezun oldum, ard\u0131ndan Rusya Federasyonu D\u0131\u015fi\u015fleri...<\/p>\n\t\t\t\t\t\t\t\t\t\t\t\t\t\t<a class=\"read_more\" href=\"https:\/\/tmgconsultancy.md\/tr\/team\/andrei-russu\/\">\n\t\t\t\t\t\t\t\t<span>profili g\u00f6r\u00fcnt\u00fcle<\/span>\n\t\t\t\t\t\t\t\t<i class=\" fa fa-chevron-right stm_icon\"><\/i>\n\t\t\t\t\t\t\t<\/a>\n\t\t\t\t\t\t<\/div>\n\t\t\t\t\t\t\t\t\t<\/li>\n\t\t\t\t\t\t\t\t<li>\n\t\t\t\t\t\t\t\t\t\t\t\t\t\t\t\t\t\t\t\t\t\t\t<div class=\"staff_image\">\n\t\t\t\t\t\t\t\t<a href=\"https:\/\/tmgconsultancy.md\/tr\/team\/sinan-adnan-akgol\/\">\n\t\t\t\t\t\t\t\t\t<img decoding=\"async\" width=\"266\" height=\"300\" src=\"https:\/\/tmgconsultancy.md\/wp-content\/uploads\/2023\/03\/Sinan-Adnan-Akgol-00-266x300.jpg\" class=\"attachment-medium size-medium wp-post-image\" alt=\"\" srcset=\"https:\/\/tmgconsultancy.md\/wp-content\/uploads\/2023\/03\/Sinan-Adnan-Akgol-00-266x300.jpg 266w, https:\/\/tmgconsultancy.md\/wp-content\/uploads\/2023\/03\/Sinan-Adnan-Akgol-00.jpg 486w\" sizes=\"(max-width: 266px) 100vw, 266px\" \/>\t\t\t\t\t\t\t\t<\/a>\n\t\t\t\t\t\t\t<\/div>\n\t\t\t\t\t\t\t\t\t\t\t\t<div class=\"staff_info\">\n\t\t\t\t\t\t\t<h4 class=\"no_stripe\">\n\t\t\t\t\t\t\t\t<a href=\"https:\/\/tmgconsultancy.md\/tr\/team\/sinan-adnan-akgol\/\" class=\"secondary_font_color_hv text_decoration_none\">Sinan Adnan Akg\u00f6l<\/a>\n\t\t\t\t\t\t\t<\/h4>\n\t\t\t\t\t\t\t\t\t\t\t\t\t\t\t\t\t\t\t\t\t\t<div class=\"staff_department\">\n\t\t\t\t\t\t\t\t\tAvukat, Kurucu Ortak\t\t\t\t\t\t\t\t<\/div>\n\t\t\t\t\t\t\t\t\t\t\t\t\t\t\t\t\t\t\t\t\t\t\t\t\t\t\t\t\t<p>\u0130stanbul \u00dcniversitesi hukuk mezunu, \u0130ngiltere&#8217;de k\u0131sa bir s\u00fcre e\u011fitim ald\u0131ktan sonra...<\/p>\n\t\t\t\t\t\t\t\t\t\t\t\t\t\t<a class=\"read_more\" href=\"https:\/\/tmgconsultancy.md\/tr\/team\/sinan-adnan-akgol\/\">\n\t\t\t\t\t\t\t\t<span>profili g\u00f6r\u00fcnt\u00fcle<\/span>\n\t\t\t\t\t\t\t\t<i class=\" fa fa-chevron-right stm_icon\"><\/i>\n\t\t\t\t\t\t\t<\/a>\n\t\t\t\t\t\t<\/div>\n\t\t\t\t\t\t\t\t\t<\/li>\n\t\t\t\t\t\t\t\t<li>\n\t\t\t\t\t\t\t\t\t\t\t\t\t\t\t\t\t\t\t\t\t\t\t<div class=\"staff_image\">\n\t\t\t\t\t\t\t\t<a href=\"https:\/\/tmgconsultancy.md\/tr\/team\/izel-akgol\/\">\n\t\t\t\t\t\t\t\t\t<img decoding=\"async\" width=\"266\" height=\"300\" src=\"https:\/\/tmgconsultancy.md\/wp-content\/uploads\/2023\/03\/izel-akgol-00-266x300.jpg\" class=\"attachment-medium size-medium wp-post-image\" alt=\"\" srcset=\"https:\/\/tmgconsultancy.md\/wp-content\/uploads\/2023\/03\/izel-akgol-00-266x300.jpg 266w, https:\/\/tmgconsultancy.md\/wp-content\/uploads\/2023\/03\/izel-akgol-00.jpg 486w\" sizes=\"(max-width: 266px) 100vw, 266px\" \/>\t\t\t\t\t\t\t\t<\/a>\n\t\t\t\t\t\t\t<\/div>\n\t\t\t\t\t\t\t\t\t\t\t\t<div class=\"staff_info\">\n\t\t\t\t\t\t\t<h4 class=\"no_stripe\">\n\t\t\t\t\t\t\t\t<a href=\"https:\/\/tmgconsultancy.md\/tr\/team\/izel-akgol\/\" class=\"secondary_font_color_hv text_decoration_none\">\u0130zel Akg\u00f6l<\/a>\n\t\t\t\t\t\t\t<\/h4>\n\t\t\t\t\t\t\t\t\t\t\t\t\t\t\t\t\t\t\t\t\t\t<div class=\"staff_department\">\n\t\t\t\t\t\t\t\t\tAvukat\t\t\t\t\t\t\t\t<\/div>\n\t\t\t\t\t\t\t\t\t\t\t\t\t\t\t\t\t\t\t\t\t\t\t\t\t\t\t\t\t<p>Av. \u0130zel Akg\u00f6l, \u0130stanbul Bah\u00e7eseri \u00dcniversitesi Hukuk Fak\u00fcltesi&#8217;nden mezun olmu\u015ftur....<\/p>\n\t\t\t\t\t\t\t\t\t\t\t\t\t\t<a class=\"read_more\" href=\"https:\/\/tmgconsultancy.md\/tr\/team\/izel-akgol\/\">\n\t\t\t\t\t\t\t\t<span>profili g\u00f6r\u00fcnt\u00fcle<\/span>\n\t\t\t\t\t\t\t\t<i class=\" fa fa-chevron-right stm_icon\"><\/i>\n\t\t\t\t\t\t\t<\/a>\n\t\t\t\t\t\t<\/div>\n\t\t\t\t\t\t\t\t\t<\/li>\n\t\t\t\t\t\t\t\t<li>\n\t\t\t\t\t\t\t\t\t\t\t\t\t\t\t\t\t\t\t\t\t\t\t<div class=\"staff_image\">\n\t\t\t\t\t\t\t\t<a href=\"https:\/\/tmgconsultancy.md\/tr\/team\/leaseva-liubovi\/\">\n\t\t\t\t\t\t\t\t\t<img loading=\"lazy\" decoding=\"async\" width=\"266\" height=\"300\" src=\"https:\/\/tmgconsultancy.md\/wp-content\/uploads\/2023\/03\/Leaseva-Liubovi-00-266x300.jpg\" class=\"attachment-medium size-medium wp-post-image\" alt=\"\" srcset=\"https:\/\/tmgconsultancy.md\/wp-content\/uploads\/2023\/03\/Leaseva-Liubovi-00-266x300.jpg 266w, https:\/\/tmgconsultancy.md\/wp-content\/uploads\/2023\/03\/Leaseva-Liubovi-00.jpg 486w\" sizes=\"(max-width: 266px) 100vw, 266px\" \/>\t\t\t\t\t\t\t\t<\/a>\n\t\t\t\t\t\t\t<\/div>\n\t\t\t\t\t\t\t\t\t\t\t\t<div class=\"staff_info\">\n\t\t\t\t\t\t\t<h4 class=\"no_stripe\">\n\t\t\t\t\t\t\t\t<a href=\"https:\/\/tmgconsultancy.md\/tr\/team\/leaseva-liubovi\/\" class=\"secondary_font_color_hv text_decoration_none\">Lea\u0219eva Liubovi<\/a>\n\t\t\t\t\t\t\t<\/h4>\n\t\t\t\t\t\t\t\t\t\t\t\t\t\t\t\t\t\t\t\t\t\t<div class=\"staff_department\">\n\t\t\t\t\t\t\t\t\tHukuk Uzman\u0131\t\t\t\t\t\t\t\t<\/div>\n\t\t\t\t\t\t\t\t\t\t\t\t\t\t\t\t\t\t\t\t\t\t\t\t\t\t\t\t\t<p>Moldova&#8217;daki Ekonomik \u00c7al\u0131\u015fmalar Akademisi&#8217;nden Hukuk derecesi ile mezun oldu. 2012...<\/p>\n\t\t\t\t\t\t\t\t\t\t\t\t\t\t<a class=\"read_more\" href=\"https:\/\/tmgconsultancy.md\/tr\/team\/leaseva-liubovi\/\">\n\t\t\t\t\t\t\t\t<span>profili g\u00f6r\u00fcnt\u00fcle<\/span>\n\t\t\t\t\t\t\t\t<i class=\" fa fa-chevron-right stm_icon\"><\/i>\n\t\t\t\t\t\t\t<\/a>\n\t\t\t\t\t\t<\/div>\n\t\t\t\t\t\t\t\t\t<\/li>\n\t\t\t\t\t\t\t\t<li>\n\t\t\t\t\t\t\t\t\t\t\t\t\t\t\t\t\t\t\t\t\t\t\t<div class=\"staff_image\">\n\t\t\t\t\t\t\t\t<a href=\"https:\/\/tmgconsultancy.md\/tr\/team\/frunze-tatiana\/\">\n\t\t\t\t\t\t\t\t\t<img loading=\"lazy\" decoding=\"async\" width=\"266\" height=\"300\" src=\"https:\/\/tmgconsultancy.md\/wp-content\/uploads\/2023\/03\/Frunze_Tatiana-00-266x300.jpg\" class=\"attachment-medium size-medium wp-post-image\" alt=\"\" srcset=\"https:\/\/tmgconsultancy.md\/wp-content\/uploads\/2023\/03\/Frunze_Tatiana-00-266x300.jpg 266w, https:\/\/tmgconsultancy.md\/wp-content\/uploads\/2023\/03\/Frunze_Tatiana-00.jpg 486w\" sizes=\"(max-width: 266px) 100vw, 266px\" \/>\t\t\t\t\t\t\t\t<\/a>\n\t\t\t\t\t\t\t<\/div>\n\t\t\t\t\t\t\t\t\t\t\t\t<div class=\"staff_info\">\n\t\t\t\t\t\t\t<h4 class=\"no_stripe\">\n\t\t\t\t\t\t\t\t<a href=\"https:\/\/tmgconsultancy.md\/tr\/team\/frunze-tatiana\/\" class=\"secondary_font_color_hv text_decoration_none\">Frunze Tatiana<\/a>\n\t\t\t\t\t\t\t<\/h4>\n\t\t\t\t\t\t\t\t\t\t\t\t\t\t\t\t\t\t\t\t\t\t<div class=\"staff_department\">\n\t\t\t\t\t\t\t\t\tAvukat\t\t\t\t\t\t\t\t<\/div>\n\t\t\t\t\t\t\t\t\t\t\t\t\t\t\t\t\t\t\t\t\t\t\t\t\t\t\t\t\t<p>BAA &#8220;ByLaw&#8221; kurucular\u0131ndan biri. Moldova Cumhuriyeti Devlet \u00dcniversitesi Hukuk Fak\u00fcltesi&#8217;nden...<\/p>\n\t\t\t\t\t\t\t\t\t\t\t\t\t\t<a class=\"read_more\" href=\"https:\/\/tmgconsultancy.md\/tr\/team\/frunze-tatiana\/\">\n\t\t\t\t\t\t\t\t<span>profili g\u00f6r\u00fcnt\u00fcle<\/span>\n\t\t\t\t\t\t\t\t<i class=\" fa fa-chevron-right stm_icon\"><\/i>\n\t\t\t\t\t\t\t<\/a>\n\t\t\t\t\t\t<\/div>\n\t\t\t\t\t\t\t\t\t<\/li>\n\t\t\t\t\t\t\t\t\t<\/ul>\n\t<\/div>\n\t\t\t\t<\/div>\n\t\t\t\t<\/div>\n\t\t\t\t\t<\/div>\n\t\t<\/div>\n\t\t\t\t<div class=\"elementor-column elementor-col-100 elementor-top-column elementor-element elementor-element-89c1ccf elementor-hidden-tablet elementor-hidden-phone\" data-id=\"89c1ccf\" data-element_type=\"column\" data-e-type=\"column\">\n\t\t\t<div class=\"elementor-widget-wrap elementor-element-populated\">\n\t\t\t\t\t\t<div class=\"elementor-element elementor-element-89c23ed elementor-widget elementor-widget-stm_sidebar\" data-id=\"89c23ed\" data-element_type=\"widget\" data-e-type=\"widget\" data-widget_type=\"stm_sidebar.default\">\n\t\t\t\t<div class=\"elementor-widget-container\">\n\t\t\t\t\t\n<div class=\"stm_sidebar consulting_elementor_sidebar\">\n\n            \t\t<div data-elementor-type=\"wp-post\" data-elementor-id=\"311\" class=\"elementor elementor-311\" data-elementor-post-type=\"stm_vc_sidebar\">\n\t\t\t\t\t\t<section class=\"elementor-section elementor-top-section elementor-element elementor-element-c857da8 elementor-section-boxed elementor-section-height-default elementor-section-height-default\" data-id=\"c857da8\" data-element_type=\"section\" data-e-type=\"section\" data-settings=\"{&quot;background_background&quot;:&quot;classic&quot;}\">\n\t\t\t\t\t\t<div class=\"elementor-container elementor-column-gap-default\">\n\t\t\t\t\t<div class=\"elementor-column elementor-col-100 elementor-top-column elementor-element elementor-element-c858737\" data-id=\"c858737\" data-element_type=\"column\" data-e-type=\"column\">\n\t\t\t<div class=\"elementor-widget-wrap elementor-element-populated\">\n\t\t\t\t\t\t<div class=\"elementor-element elementor-element-c09a1c9 elementor-widget elementor-widget-wp-widget-nav_menu\" data-id=\"c09a1c9\" data-element_type=\"widget\" data-e-type=\"widget\" data-widget_type=\"wp-widget-nav_menu.default\">\n\t\t\t\t<div class=\"elementor-widget-container\">\n\t\t\t\t\t<aside class='widget widget_nav_menu'><div class=\"menu-sidebar-menu-1-container\"><ul id=\"menu-sidebar-menu-1\" class=\"menu\"><li id=\"menu-item-15663\" class=\"menu-item menu-item-type-post_type menu-item-object-page menu-item-15663\"><a href=\"https:\/\/tmgconsultancy.md\/who-we-are\/\">Hakk\u0131m\u0131zda<\/a><\/li>\n<li id=\"menu-item-15665\" class=\"menu-item menu-item-type-post_type menu-item-object-page menu-item-15665\"><a href=\"https:\/\/tmgconsultancy.md\/who-we-are\/our-team\/\">Ekibimiz<\/a><\/li>\n<\/ul><\/div><\/aside>\t\t\t\t<\/div>\n\t\t\t\t<\/div>\n\t\t\t\t\t<\/div>\n\t\t<\/div>\n\t\t\t\t\t<\/div>\n\t\t<\/section>\n\t\t\t\t<section class=\"elementor-section elementor-top-section elementor-element elementor-element-39bf392 elementor-section-boxed elementor-section-height-default elementor-section-height-default\" data-id=\"39bf392\" data-element_type=\"section\" data-e-type=\"section\">\n\t\t\t\t\t\t<div class=\"elementor-container elementor-column-gap-default\">\n\t\t\t\t\t<div class=\"elementor-column elementor-col-100 elementor-top-column elementor-element elementor-element-0cf184a\" data-id=\"0cf184a\" data-element_type=\"column\" data-e-type=\"column\" data-settings=\"{&quot;background_background&quot;:&quot;classic&quot;}\">\n\t\t\t<div class=\"elementor-widget-wrap elementor-element-populated\">\n\t\t\t\t\t\t<section class=\"elementor-section elementor-inner-section elementor-element elementor-element-11bce19 elementor-section-boxed elementor-section-height-default elementor-section-height-default\" data-id=\"11bce19\" data-element_type=\"section\" data-e-type=\"section\" data-settings=\"{&quot;background_background&quot;:&quot;classic&quot;}\">\n\t\t\t\t\t\t<div class=\"elementor-container elementor-column-gap-default\">\n\t\t\t\t\t<div class=\"elementor-column elementor-col-100 elementor-inner-column elementor-element elementor-element-f922435\" data-id=\"f922435\" data-element_type=\"column\" data-e-type=\"column\" data-settings=\"{&quot;background_background&quot;:&quot;classic&quot;}\">\n\t\t\t<div class=\"elementor-widget-wrap elementor-element-populated\">\n\t\t\t\t\t<div class=\"elementor-background-overlay\"><\/div>\n\t\t\t\t\t\t<div class=\"elementor-element elementor-element-bc660ea elementor-widget elementor-widget-vc_custom_heading\" data-id=\"bc660ea\" data-element_type=\"widget\" data-e-type=\"widget\" data-widget_type=\"vc_custom_heading.default\">\n\t\t\t\t<div class=\"elementor-widget-container\">\n\t\t\t\t\t<div class=\" vc_custom_heading  consulting_heading_font  text_align_left title_no_stripe\" ><div style=\"font-size: 16px;color: #FFFFFF;text-align: left;font-weight:700\" class=\"consulting-custom-title\">How can we help you?\n<\/div><\/div>\t\t\t\t<\/div>\n\t\t\t\t<\/div>\n\t\t\t\t<div class=\"elementor-element elementor-element-9f2f95b elementor-widget elementor-widget-text-editor\" data-id=\"9f2f95b\" data-element_type=\"widget\" data-e-type=\"widget\" data-widget_type=\"text-editor.default\">\n\t\t\t\t<div class=\"elementor-widget-container\">\n\t\t\t\t\t\t\t\t\t<p><span style=\"color: #ffffff;\">Contact us at the Consulting office nearest to you or submit a business inquiry online.<\/span><\/p>\n\t\t\t\t\t\t\t\t<\/div>\n\t\t\t\t<\/div>\n\t\t\t\t<div class=\"elementor-element elementor-element-9866bd7 elementor-widget__width-auto elementor-widget elementor-widget-button\" data-id=\"9866bd7\" data-element_type=\"widget\" data-e-type=\"widget\" data-widget_type=\"button.default\">\n\t\t\t\t<div class=\"elementor-widget-container\">\n\t\t\t\t\t\t\t\t\t<div class=\"elementor-button-wrapper icon_align_  \">\n\t\t\t\t\t<a class=\"elementor-button elementor-button-link elementor-size-md\" href=\"\/contact-us\/\">\n\t\t\t\t\t\t<span class=\"elementor-button-content-wrapper\">\n\t\t\t\t\t\t<span class=\"elementor-button-icon\">\n\t\t\t\t<i aria-hidden=\"true\" class=\" stm-popup-phone\"><\/i>\t\t\t<\/span>\n\t\t\t\t\t\t\t\t\t<span class=\"elementor-button-text\">contacts<\/span>\n\t\t\t\t\t<\/span>\n\t\t\t\t\t<\/a>\n\t\t\t\t<\/div>\n\t\t\t\t\t\t\t\t<\/div>\n\t\t\t\t<\/div>\n\t\t\t\t\t<\/div>\n\t\t<\/div>\n\t\t\t\t\t<\/div>\n\t\t<\/section>\n\t\t\t\t\t<\/div>\n\t\t<\/div>\n\t\t\t\t\t<\/div>\n\t\t<\/section>\n\t\t\t\t<section class=\"elementor-section elementor-top-section elementor-element elementor-element-c85ec98 elementor-section-boxed elementor-section-height-default elementor-section-height-default\" data-id=\"c85ec98\" data-element_type=\"section\" data-e-type=\"section\">\n\t\t\t\t\t\t<div class=\"elementor-container elementor-column-gap-default\">\n\t\t\t\t\t<div class=\"elementor-column elementor-col-100 elementor-top-column elementor-element elementor-element-c85f302\" data-id=\"c85f302\" data-element_type=\"column\" data-e-type=\"column\">\n\t\t\t<div class=\"elementor-widget-wrap elementor-element-populated\">\n\t\t\t\t\t\t<div class=\"elementor-element elementor-element-c85f86e elementor-widget elementor-widget-stm_testimonials\" data-id=\"c85f86e\" data-element_type=\"widget\" data-e-type=\"widget\" data-widget_type=\"stm_testimonials.default\">\n\t\t\t\t<div class=\"elementor-widget-container\">\n\t\t\t\t\t\n\n\t\n\t\t\t\t\t<\/div>\n\t\t\t\t<\/div>\n\t\t\t\t\t<\/div>\n\t\t<\/div>\n\t\t\t\t\t<\/div>\n\t\t<\/section>\n\t\t\t\t<\/div>\n\t\t    \n<\/div>\t\t\t\t<\/div>\n\t\t\t\t<\/div>\n\t\t\t\t\t<\/div>\n\t\t<\/div>\n\t\t\t\t\t<\/div>\n\t\t<\/section>\n\t\t\t\t<section class=\"elementor-section elementor-top-section elementor-element elementor-element-7402549 third_bg_color elementor-section-stretched elementor-section-boxed elementor-section-height-default elementor-section-height-default\" data-id=\"7402549\" data-element_type=\"section\" data-e-type=\"section\" data-settings=\"{&quot;background_background&quot;:&quot;classic&quot;,&quot;stretch_section&quot;:&quot;section-stretched&quot;}\">\n\t\t\t\t\t\t<div class=\"elementor-container elementor-column-gap-default\">\n\t\t\t\t\t<div class=\"elementor-column elementor-col-100 elementor-top-column elementor-element elementor-element-1b8201a\" data-id=\"1b8201a\" data-element_type=\"column\" data-e-type=\"column\">\n\t\t\t<div class=\"elementor-widget-wrap elementor-element-populated\">\n\t\t\t\t\t\t<div class=\"elementor-element elementor-element-c66abd5 elementor-widget elementor-widget-vc_cta\" data-id=\"c66abd5\" data-element_type=\"widget\" data-e-type=\"widget\" data-widget_type=\"vc_cta.default\">\n\t\t\t\t<div class=\"elementor-widget-container\">\n\t\t\t\t\t\n<div class=\"ce_cta ce_cta_176598c1834dad98d38fc9e0ff255434 ce_text_left third_bg_color add_button_right btn_align_right btn_button_block_true btn_has_icon btn_has_icon_on_the_right\" id=\"\">\n\t<div class=\"ce_cta__content\">\n\t\t<div class=\"ce_cta__content__header\">\n\t\t\t<h2  class='ce_cta__content__title '><a href='https:\/\/tmgconsultancy.md\/contact-us\/' target='_self'>Birinci s\u0131n\u0131f bir i\u015f dan\u0131\u015fman\u0131 m\u0131 ar\u0131yorsunuz?<\/a><\/h2>\t\t<\/div>\n\t\t\t<\/div>\n\n\t\t<div class=\"ce_cta__action\">\n\t\t<a\n\t\t\thref=\"https:\/\/tmgconsultancy.md\/tr\/iletisim\"\n\t\t\t\t\t\ttarget=\"_self\"\n\t\t\tclass=\"button\n\t\t\t\t\t\">\n\t\t\t<span>\u0130leti\u015fim<\/span>\n\t\t\t\t\t\t<i class=\" stm-right-arrow\"><\/i>\n\t\t\t\t\t<\/a>\n\t<\/div>\n\t<\/div>\n\t\t\t\t<\/div>\n\t\t\t\t<\/div>\n\t\t\t\t\t<\/div>\n\t\t<\/div>\n\t\t\t\t\t<\/div>\n\t\t<\/section>\n\t\t\t\t<\/div>\n\t\t","protected":false},"excerpt":{"rendered":"<p>Who we are Our Team How can we help you? Contact us at the Consulting office nearest to you or submit a business inquiry online. contacts Birinci s\u0131n\u0131f bir i\u015f dan\u0131\u015fman\u0131 m\u0131 ar\u0131yorsunuz? \u0130leti\u015fim<\/p>\n","protected":false},"author":1,"featured_media":0,"parent":17330,"menu_order":0,"comment_status":"closed","ping_status":"closed","template":"","meta":{"inline_featured_image":false,"footnotes":""},"class_list":["post-17338","page","type-page","status-publish","hentry"],"_links":{"self":[{"href":"https:\/\/tmgconsultancy.md\/tr\/wp-json\/wp\/v2\/pages\/17338","targetHints":{"allow":["GET"]}}],"collection":[{"href":"https:\/\/tmgconsultancy.md\/tr\/wp-json\/wp\/v2\/pages"}],"about":[{"href":"https:\/\/tmgconsultancy.md\/tr\/wp-json\/wp\/v2\/types\/page"}],"author":[{"embeddable":true,"href":"https:\/\/tmgconsultancy.md\/tr\/wp-json\/wp\/v2\/users\/1"}],"replies":[{"embeddable":true,"href":"https:\/\/tmgconsultancy.md\/tr\/wp-json\/wp\/v2\/comments?post=17338"}],"version-history":[{"count":4,"href":"https:\/\/tmgconsultancy.md\/tr\/wp-json\/wp\/v2\/pages\/17338\/revisions"}],"predecessor-version":[{"id":17345,"href":"https:\/\/tmgconsultancy.md\/tr\/wp-json\/wp\/v2\/pages\/17338\/revisions\/17345"}],"up":[{"embeddable":true,"href":"https:\/\/tmgconsultancy.md\/tr\/wp-json\/wp\/v2\/pages\/17330"}],"wp:attachment":[{"href":"https:\/\/tmgconsultancy.md\/tr\/wp-json\/wp\/v2\/media?parent=17338"}],"curies":[{"name":"wp","href":"https:\/\/api.w.org\/{rel}","templated":true}]}}